{"id":135,"date":"2025-09-20T18:17:43","date_gmt":"2025-09-20T17:17:43","guid":{"rendered":"https:\/\/expertisenr.fr\/?page_id=135"},"modified":"2025-10-22T11:16:25","modified_gmt":"2025-10-22T10:16:25","slug":"accompagnement-operationnel","status":"publish","type":"page","link":"https:\/\/expertisenr.fr\/en\/accompagnement-operationnel\/","title":{"rendered":"Operational Support"},"content":{"rendered":"<div class=\"wp-block-group alignfull has-primary-color has-surface-background-color has-text-color has-background has-link-color has-poppins-font-family wp-elements-70eee507a0995ffdc94551918258cc94 has-global-padding is-layout-constrained wp-container-core-group-is-layout-7c83947f wp-block-group-is-layout-constrained\" style=\"margin-top:0;margin-bottom:0;padding-top:0rem;padding-right:0rem;padding-bottom:0rem;padding-left:0rem\">\n<div class=\"wp-block-group alignwide has-poppins-font-family is-vertical is-content-justification-center is-layout-flex wp-container-core-group-is-layout-41a8afb4 wp-block-group-is-layout-flex\" style=\"min-height:100%;padding-right:var(--wp--preset--spacing--small);padding-left:var(--wp--preset--spacing--small)\">\n<div style=\"height:25px\" aria-hidden=\"true\" class=\"wp-block-spacer wp-container-content-c00f5982\"><\/div>\n\n\n\n<p class=\"has-text-align-center has-poppins-font-family has-x-large-font-size wp-container-content-9cfa9a5a\" style=\"line-height:1.2\"><strong>Customized solutions to optimize your Assets<\/strong>.<\/p>\n\n\n\n<p class=\"has-rubik-font-family has-medium-font-size\">With <strong>15 years of experience in renewable energy<\/strong>, an <strong>in-depth understanding of market players<\/strong> and an <strong>expertise in maintenance<\/strong>, <strong>ExpertisENR<\/strong> is committed to finding <strong>the best solution<\/strong> for your projects and assets. Our goal? <\/p>\n\n\n\n<p class=\"has-rubik-font-family has-medium-font-size\"><strong>To support you with responsiveness and pragmatism<\/strong> to enhance the performance of your installations, adapting to your constraints and challenges.<\/p>\n\n\n\n<p class=\"has-text-align-center has-rubik-font-family has-large-font-size wp-container-content-0733e5d0\"><strong>Your Partner for Enhanced Performance and Optimized Maintenance<\/strong><\/p>\n\n\n\n<div style=\"height:38px\" aria-hidden=\"true\" class=\"wp-block-spacer wp-container-content-81dc8709\"><\/div>\n\n\n\n<figure class=\"wp-block-image aligncenter size-large is-resized has-custom-border is-style-rounded\"><img loading=\"lazy\" decoding=\"async\" width=\"1024\" height=\"686\" src=\"https:\/\/expertisenr.fr\/wp-content\/uploads\/2025\/10\/renewable-2232160-1024x686.jpg\" alt=\"\" class=\"wp-image-393\" style=\"border-radius:100px;aspect-ratio:1.7777777777777777;object-fit:cover;width:938px;height:auto\" srcset=\"https:\/\/expertisenr.fr\/wp-content\/uploads\/2025\/10\/renewable-2232160-1024x686.jpg 1024w, https:\/\/expertisenr.fr\/wp-content\/uploads\/2025\/10\/renewable-2232160-300x201.jpg 300w, https:\/\/expertisenr.fr\/wp-content\/uploads\/2025\/10\/renewable-2232160-768x514.jpg 768w, https:\/\/expertisenr.fr\/wp-content\/uploads\/2025\/10\/renewable-2232160-1536x1028.jpg 1536w, https:\/\/expertisenr.fr\/wp-content\/uploads\/2025\/10\/renewable-2232160-2048x1371.jpg 2048w\" sizes=\"auto, (max-width: 1024px) 100vw, 1024px\" \/><\/figure>\n\n\n\n<div style=\"height:41px\" aria-hidden=\"true\" class=\"wp-block-spacer wp-container-content-29cb0303\"><\/div>\n<\/div>\n<\/div>\n\n\n\n<div class=\"wp-block-group alignfull has-primary-color has-accent-5-background-color has-text-color has-background has-link-color has-poppins-font-family wp-elements-ad1fa0c3b0a3c7cc5948980a3b6fe7a2 has-global-padding is-layout-constrained wp-container-core-group-is-layout-d89aad35 wp-block-group-is-layout-constrained\" style=\"margin-top:0;margin-bottom:0;padding-top:var(--wp--preset--spacing--50);padding-right:var(--wp--preset--spacing--50);padding-bottom:var(--wp--preset--spacing--50);padding-left:var(--wp--preset--spacing--50)\">\n<div class=\"wp-block-columns alignwide is-layout-flex wp-container-core-columns-is-layout-a6526299 wp-block-columns-is-layout-flex\">\n<div class=\"wp-block-column is-vertically-aligned-center is-layout-flow wp-container-core-column-is-layout-8c71c72b wp-block-column-is-layout-flow\" style=\"padding-right:var(--wp--preset--spacing--large);padding-left:var(--wp--preset--spacing--x-small);flex-basis:60%\">\n<p class=\"has-poppins-font-family has-large-font-size\"><strong>Why Trust Us?<\/strong><\/p>\n\n\n\n<div style=\"height:20px\" aria-hidden=\"true\" class=\"wp-block-spacer\"><\/div>\n\n\n\n<ul style=\"line-height:1.6\" class=\"wp-block-list has-rubik-font-family has-medium-font-size\">\n<li><strong>Market Knowledge<\/strong> : <strong>Key players<\/strong>, <strong>technologies<\/strong> and <strong>best practices<\/strong> to quickly identify opportunities for improvement.<\/li>\n\n\n\n<li><strong>Field Experience<\/strong> : in <strong>operations and maintenance<\/strong> to deliver effective solutions, even in the most complex situations.<\/li>\n\n\n\n<li><strong>Reactivity<\/strong> : Quick response to your needs to minimize downtime and maximize asset productivity.<\/li>\n\n\n\n<li><strong>Adaptability<\/strong> : Every project is unique. We tailor our approach to your <strong>technical and organizational constraints<\/strong> to provide realistic and sustainable <strong>solutions<\/strong>.<\/li>\n<\/ul>\n<\/div>\n\n\n\n<div class=\"wp-block-column is-vertically-aligned-center is-layout-flow wp-block-column-is-layout-flow\" style=\"flex-basis:40%\">\n<figure class=\"wp-block-image aligncenter size-large is-resized is-style-rounded wp-duotone-varpresetduotoneduotone-1-1\"><img loading=\"lazy\" decoding=\"async\" width=\"576\" height=\"1024\" src=\"https:\/\/expertisenr.fr\/wp-content\/uploads\/2025\/09\/nazar-hrabovyi-NM3pKppd0I0-unsplash-edited-576x1024.jpg\" alt=\"\" class=\"wp-image-263\" style=\"aspect-ratio:0.5625;object-fit:cover;width:319px;height:auto\" srcset=\"https:\/\/expertisenr.fr\/wp-content\/uploads\/2025\/09\/nazar-hrabovyi-NM3pKppd0I0-unsplash-edited-576x1024.jpg 576w, https:\/\/expertisenr.fr\/wp-content\/uploads\/2025\/09\/nazar-hrabovyi-NM3pKppd0I0-unsplash-edited-169x300.jpg 169w, https:\/\/expertisenr.fr\/wp-content\/uploads\/2025\/09\/nazar-hrabovyi-NM3pKppd0I0-unsplash-edited-768x1366.jpg 768w, https:\/\/expertisenr.fr\/wp-content\/uploads\/2025\/09\/nazar-hrabovyi-NM3pKppd0I0-unsplash-edited-864x1536.jpg 864w, https:\/\/expertisenr.fr\/wp-content\/uploads\/2025\/09\/nazar-hrabovyi-NM3pKppd0I0-unsplash-edited-1152x2048.jpg 1152w, https:\/\/expertisenr.fr\/wp-content\/uploads\/2025\/09\/nazar-hrabovyi-NM3pKppd0I0-unsplash-edited-scaled.jpg 1440w\" sizes=\"auto, (max-width: 576px) 100vw, 576px\" \/><\/figure>\n<\/div>\n<\/div>\n<\/div>\n\n\n\n<div class=\"wp-block-group alignfull has-primary-color has-surface-background-color has-text-color has-background has-link-color has-poppins-font-family has-medium-font-size wp-elements-5c4b64241c6a6ff52d3ff65572742bbc has-global-padding is-layout-constrained wp-container-core-group-is-layout-ca2b3c5a wp-block-group-is-layout-constrained\" style=\"margin-top:0;margin-bottom:0;padding-top:0.5rem;padding-right:0.5rem;padding-bottom:0.5rem;padding-left:0.5rem;line-height:1.7\">\n<div class=\"wp-block-group is-vertical is-content-justification-center is-layout-flex wp-container-core-group-is-layout-ce155fab wp-block-group-is-layout-flex\">\n<h2 class=\"wp-block-heading has-text-align-center has-primary-color has-text-color has-link-color has-poppins-font-family has-x-large-font-size wp-elements-5d231420e454aeaad9ee4da9512a64fa\"><strong>Our Key Missions :<\/strong><\/h2>\n<\/div>\n\n\n\n<ul style=\"line-height:2\" class=\"wp-block-list has-rubik-font-family has-medium-font-size\">\n<li><strong>Technical Support<\/strong> One-time or ongoing interventions to resolve technical issues, optimize processes, or train your teams.<\/li>\n\n\n\n<li><strong>Performance Optimization<\/strong> Analysis of production data and maintenance reports, identification of losses, and implementation of action plans to improve the availability of your wind or photovoltaic farms.<\/li>\n\n\n\n<li><strong>Maintenance Management<\/strong> Assistance in planning, organizing, and monitoring maintenance operations to ensure the reliability and longevity of your installations.<\/li>\n\n\n\n<li><strong>On-Site Support<\/strong> With all necessary certifications (GWO) and in-depth knowledge of platforms and parks, we can accompany or guide you directly in the field.<\/li>\n<\/ul>\n\n\n\n<div class=\"wp-block-group is-layout-grid wp-container-core-group-is-layout-478b6e6b wp-block-group-is-layout-grid\">\n<div class=\"wp-block-group is-layout-grid wp-container-core-group-is-layout-478b6e6b wp-block-group-is-layout-grid\"><\/div>\n<\/div>\n<\/div>\n\n\n\n<div class=\"wp-block-group alignfull has-primary-color has-contrast-background-color has-text-color has-background has-link-color has-poppins-font-family has-medium-font-size wp-elements-d8b8907ff2a64a1115ceb88dde04d13f has-global-padding is-layout-constrained wp-container-core-group-is-layout-d89aad35 wp-block-group-is-layout-constrained\" style=\"margin-top:0;margin-bottom:0;padding-top:var(--wp--preset--spacing--50);padding-right:var(--wp--preset--spacing--50);padding-bottom:var(--wp--preset--spacing--50);padding-left:var(--wp--preset--spacing--50)\">\n<h1 class=\"wp-block-heading alignwide has-primary-color has-text-color has-link-color has-x-large-font-size wp-elements-52fb9eaa9472bdd61cf1dcc804123b39\" style=\"letter-spacing:-0.02em\"><strong>Our Commitment :<\/strong><\/h1>\n\n\n\n<ul style=\"line-height:2\" class=\"wp-block-list has-primary-color has-text-color has-link-color has-rubik-font-family has-medium-font-size wp-elements-bcd2231db176c9d232b02c7dcc296f02\">\n<li class=\"has-rubik-font-family has-medium-font-size\"><strong>Always Find the Best Solution<\/strong> : Analysis and research for efficient solutions.<\/li>\n\n\n\n<li class=\"has-medium-font-size\"><strong>Improve Performance<\/strong> : <strong>Optimize your assets<\/strong> to reach their full potential.<\/li>\n\n\n\n<li class=\"has-medium-font-size\"><strong>Reactivity and Flexibility :<\/strong>&nbsp;: Manage <strong>emergencies and constraints<\/strong>to minimize the<strong>mpact on the planet and your budget<\/strong>.<\/li>\n<\/ul>\n\n\n\n<div class=\"wp-block-cover alignfull has-parallax\"><div class=\"wp-block-cover__image-background wp-image-395 has-parallax\" style=\"background-position:50% 50%;background-image:url(https:\/\/expertisenr.fr\/wp-content\/uploads\/2025\/10\/solar-7788516-1024x682.jpg)\"><\/div><span aria-hidden=\"true\" class=\"wp-block-cover__background has-background-dim\"><\/span><div class=\"wp-block-cover__inner-container is-layout-flow wp-block-cover-is-layout-flow\">\n<p class=\"has-text-align-center has-large-font-size\"><\/p>\n<\/div><\/div>\n<\/div>\n\n\n\n<p class=\"has-primary-color has-text-color has-link-color has-rubik-font-family has-medium-font-size wp-elements-ea96838a54194df7e68f03cec82c6383\"><strong>Netx step<\/strong> : You have a <strong>project to optimize<\/strong>, a <strong>park to improve<\/strong> or a <strong>team to support<\/strong> ? <strong>Contact ExpertisENR<\/strong> to discuss your needs and find the most suitable solution together. <strong>What is your main operational challenge today?<\/strong><\/p>\n\n\n\n<div style=\"height:30px\" aria-hidden=\"true\" class=\"wp-block-spacer\"><\/div>\n\n\n\n<div class=\"wp-block-buttons alignfull has-custom-font-size has-poppins-font-family has-small-font-size is-horizontal is-content-justification-center is-layout-flex wp-container-core-buttons-is-layout-03627597 wp-block-buttons-is-layout-flex\" style=\"border-style:none;border-width:0px\">\n<div class=\"wp-block-button\"><a class=\"wp-block-button__link has-accent-text-color has-secondary-background-color has-text-color has-background has-link-color has-rubik-font-family has-large-font-size has-custom-font-size wp-element-button\" href=\"https:\/\/expertisenr.fr\/en\/contact\/\" style=\"border-width:3px;border-radius:11px\">Contact Us<\/a><\/div>\n<\/div>","protected":false},"excerpt":{"rendered":"<p>Des solutions sur mesure pour optimiser vos actifs. Avec 15 ans d\u2019exp\u00e9rience dans les \u00e9nergies renouvelables, une connaissance approfondie des acteurs du march\u00e9 et une expertise en maintenance, ExpertisENR s\u2019engage \u00e0 trouver la meilleure solution pour vos projets et vos actifs. Notre objectif ? Vous accompagner avec r\u00e9activit\u00e9 et pragmatisme pour am\u00e9liorer la performance de [&hellip;]<\/p>\n","protected":false},"author":1,"featured_media":0,"parent":0,"menu_order":0,"comment_status":"closed","ping_status":"closed","template":"","meta":{"footnotes":""},"class_list":["post-135","page","type-page","status-publish","hentry"],"yoast_head":"<!-- This site is optimized with the Yoast SEO plugin v27.1.1 - https:\/\/yoast.com\/product\/yoast-seo-wordpress\/ -->\n<title>Accompagnement op\u00e9rationnel - www.expertisenr.fr<\/title>\n<meta name=\"description\" content=\"Accompagnement op\u00e9rationnel pour soutenir les op\u00e9rateurs d\u2019\u00e9nergie renouvelable dans leurs projets et leurs activit\u00e9s au quotidien.\" \/>\n<meta name=\"robots\" content=\"index, follow, max-snippet:-1, max-image-preview:large, max-video-preview:-1\" \/>\n<link rel=\"canonical\" href=\"https:\/\/expertisenr.fr\/en\/accompagnement-operationnel\/\" \/>\n<meta property=\"og:locale\" content=\"en_GB\" \/>\n<meta property=\"og:type\" content=\"article\" \/>\n<meta property=\"og:title\" content=\"Accompagnement op\u00e9rationnel - www.expertisenr.fr\" \/>\n<meta property=\"og:description\" content=\"Accompagnement op\u00e9rationnel pour soutenir les op\u00e9rateurs d\u2019\u00e9nergie renouvelable dans leurs projets et leurs activit\u00e9s au quotidien.\" \/>\n<meta property=\"og:url\" content=\"https:\/\/expertisenr.fr\/en\/accompagnement-operationnel\/\" \/>\n<meta property=\"og:site_name\" content=\"www.expertisenr.fr\" \/>\n<meta property=\"article:modified_time\" content=\"2025-10-22T10:16:25+00:00\" \/>\n<meta property=\"og:image\" content=\"https:\/\/expertisenr.fr\/wp-content\/uploads\/2025\/10\/renewable-2232160.jpg\" \/>\n\t<meta property=\"og:image:width\" content=\"2200\" \/>\n\t<meta property=\"og:image:height\" content=\"1473\" \/>\n\t<meta property=\"og:image:type\" content=\"image\/jpeg\" \/>\n<meta name=\"twitter:card\" content=\"summary_large_image\" \/>\n<meta name=\"twitter:label1\" content=\"Estimated reading time\" \/>\n\t<meta name=\"twitter:data1\" content=\"5 minutes\" \/>\n<script type=\"application\/ld+json\" class=\"yoast-schema-graph\">{\"@context\":\"https:\/\/schema.org\",\"@graph\":[{\"@type\":\"WebPage\",\"@id\":\"https:\/\/expertisenr.fr\/accompagnement-operationnel\/\",\"url\":\"https:\/\/expertisenr.fr\/accompagnement-operationnel\/\",\"name\":\"Accompagnement op\u00e9rationnel - www.expertisenr.fr\",\"isPartOf\":{\"@id\":\"https:\/\/expertisenr.fr\/#website\"},\"primaryImageOfPage\":{\"@id\":\"https:\/\/expertisenr.fr\/accompagnement-operationnel\/#primaryimage\"},\"image\":{\"@id\":\"https:\/\/expertisenr.fr\/accompagnement-operationnel\/#primaryimage\"},\"thumbnailUrl\":\"https:\/\/expertisenr.fr\/wp-content\/uploads\/2025\/10\/renewable-2232160-1024x686.jpg\",\"datePublished\":\"2025-09-20T17:17:43+00:00\",\"dateModified\":\"2025-10-22T10:16:25+00:00\",\"description\":\"Accompagnement op\u00e9rationnel pour soutenir les op\u00e9rateurs d\u2019\u00e9nergie renouvelable dans leurs projets et leurs activit\u00e9s au quotidien.\",\"breadcrumb\":{\"@id\":\"https:\/\/expertisenr.fr\/accompagnement-operationnel\/#breadcrumb\"},\"inLanguage\":\"en-GB\",\"potentialAction\":[{\"@type\":\"ReadAction\",\"target\":[\"https:\/\/expertisenr.fr\/accompagnement-operationnel\/\"]}]},{\"@type\":\"ImageObject\",\"inLanguage\":\"en-GB\",\"@id\":\"https:\/\/expertisenr.fr\/accompagnement-operationnel\/#primaryimage\",\"url\":\"https:\/\/expertisenr.fr\/wp-content\/uploads\/2025\/10\/renewable-2232160-1024x686.jpg\",\"contentUrl\":\"https:\/\/expertisenr.fr\/wp-content\/uploads\/2025\/10\/renewable-2232160-1024x686.jpg\"},{\"@type\":\"BreadcrumbList\",\"@id\":\"https:\/\/expertisenr.fr\/accompagnement-operationnel\/#breadcrumb\",\"itemListElement\":[{\"@type\":\"ListItem\",\"position\":1,\"name\":\"Accueil\",\"item\":\"https:\/\/expertisenr.fr\/\"},{\"@type\":\"ListItem\",\"position\":2,\"name\":\"Accompagnement op\u00e9rationnel\"}]},{\"@type\":\"WebSite\",\"@id\":\"https:\/\/expertisenr.fr\/#website\",\"url\":\"https:\/\/expertisenr.fr\/\",\"name\":\"www.expertisenr.fr\",\"description\":\"Expertise, Formation et Accompagnement en \u00c9nergies Renouvelables\",\"publisher\":{\"@id\":\"https:\/\/expertisenr.fr\/#organization\"},\"potentialAction\":[{\"@type\":\"SearchAction\",\"target\":{\"@type\":\"EntryPoint\",\"urlTemplate\":\"https:\/\/expertisenr.fr\/?s={search_term_string}\"},\"query-input\":{\"@type\":\"PropertyValueSpecification\",\"valueRequired\":true,\"valueName\":\"search_term_string\"}}],\"inLanguage\":\"en-GB\"},{\"@type\":\"Organization\",\"@id\":\"https:\/\/expertisenr.fr\/#organization\",\"name\":\"ExpertisENR\",\"url\":\"https:\/\/expertisenr.fr\/\",\"logo\":{\"@type\":\"ImageObject\",\"inLanguage\":\"en-GB\",\"@id\":\"https:\/\/expertisenr.fr\/#\/schema\/logo\/image\/\",\"url\":\"https:\/\/expertisenr.fr\/wp-content\/uploads\/2025\/09\/logo-1-1.png\",\"contentUrl\":\"https:\/\/expertisenr.fr\/wp-content\/uploads\/2025\/09\/logo-1-1.png\",\"width\":1878,\"height\":2000,\"caption\":\"ExpertisENR\"},\"image\":{\"@id\":\"https:\/\/expertisenr.fr\/#\/schema\/logo\/image\/\"}}]}<\/script>\n<!-- \/ Yoast SEO plugin. -->","yoast_head_json":{"title":"Accompagnement op\u00e9rationnel - www.expertisenr.fr","description":"Accompagnement op\u00e9rationnel pour soutenir les op\u00e9rateurs d\u2019\u00e9nergie renouvelable dans leurs projets et leurs activit\u00e9s au quotidien.","robots":{"index":"index","follow":"follow","max-snippet":"max-snippet:-1","max-image-preview":"max-image-preview:large","max-video-preview":"max-video-preview:-1"},"canonical":"https:\/\/expertisenr.fr\/en\/accompagnement-operationnel\/","og_locale":"en_GB","og_type":"article","og_title":"Accompagnement op\u00e9rationnel - www.expertisenr.fr","og_description":"Accompagnement op\u00e9rationnel pour soutenir les op\u00e9rateurs d\u2019\u00e9nergie renouvelable dans leurs projets et leurs activit\u00e9s au quotidien.","og_url":"https:\/\/expertisenr.fr\/en\/accompagnement-operationnel\/","og_site_name":"www.expertisenr.fr","article_modified_time":"2025-10-22T10:16:25+00:00","og_image":[{"width":2200,"height":1473,"url":"https:\/\/expertisenr.fr\/wp-content\/uploads\/2025\/10\/renewable-2232160.jpg","type":"image\/jpeg"}],"twitter_card":"summary_large_image","twitter_misc":{"Estimated reading time":"5 minutes"},"schema":{"@context":"https:\/\/schema.org","@graph":[{"@type":"WebPage","@id":"https:\/\/expertisenr.fr\/accompagnement-operationnel\/","url":"https:\/\/expertisenr.fr\/accompagnement-operationnel\/","name":"Accompagnement op\u00e9rationnel - www.expertisenr.fr","isPartOf":{"@id":"https:\/\/expertisenr.fr\/#website"},"primaryImageOfPage":{"@id":"https:\/\/expertisenr.fr\/accompagnement-operationnel\/#primaryimage"},"image":{"@id":"https:\/\/expertisenr.fr\/accompagnement-operationnel\/#primaryimage"},"thumbnailUrl":"https:\/\/expertisenr.fr\/wp-content\/uploads\/2025\/10\/renewable-2232160-1024x686.jpg","datePublished":"2025-09-20T17:17:43+00:00","dateModified":"2025-10-22T10:16:25+00:00","description":"Accompagnement op\u00e9rationnel pour soutenir les op\u00e9rateurs d\u2019\u00e9nergie renouvelable dans leurs projets et leurs activit\u00e9s au quotidien.","breadcrumb":{"@id":"https:\/\/expertisenr.fr\/accompagnement-operationnel\/#breadcrumb"},"inLanguage":"en-GB","potentialAction":[{"@type":"ReadAction","target":["https:\/\/expertisenr.fr\/accompagnement-operationnel\/"]}]},{"@type":"ImageObject","inLanguage":"en-GB","@id":"https:\/\/expertisenr.fr\/accompagnement-operationnel\/#primaryimage","url":"https:\/\/expertisenr.fr\/wp-content\/uploads\/2025\/10\/renewable-2232160-1024x686.jpg","contentUrl":"https:\/\/expertisenr.fr\/wp-content\/uploads\/2025\/10\/renewable-2232160-1024x686.jpg"},{"@type":"BreadcrumbList","@id":"https:\/\/expertisenr.fr\/accompagnement-operationnel\/#breadcrumb","itemListElement":[{"@type":"ListItem","position":1,"name":"Accueil","item":"https:\/\/expertisenr.fr\/"},{"@type":"ListItem","position":2,"name":"Accompagnement op\u00e9rationnel"}]},{"@type":"WebSite","@id":"https:\/\/expertisenr.fr\/#website","url":"https:\/\/expertisenr.fr\/","name":"www.expertisenr.fr","description":"Expertise, Formation et Accompagnement en \u00c9nergies Renouvelables","publisher":{"@id":"https:\/\/expertisenr.fr\/#organization"},"potentialAction":[{"@type":"SearchAction","target":{"@type":"EntryPoint","urlTemplate":"https:\/\/expertisenr.fr\/?s={search_term_string}"},"query-input":{"@type":"PropertyValueSpecification","valueRequired":true,"valueName":"search_term_string"}}],"inLanguage":"en-GB"},{"@type":"Organization","@id":"https:\/\/expertisenr.fr\/#organization","name":"ExpertisENR","url":"https:\/\/expertisenr.fr\/","logo":{"@type":"ImageObject","inLanguage":"en-GB","@id":"https:\/\/expertisenr.fr\/#\/schema\/logo\/image\/","url":"https:\/\/expertisenr.fr\/wp-content\/uploads\/2025\/09\/logo-1-1.png","contentUrl":"https:\/\/expertisenr.fr\/wp-content\/uploads\/2025\/09\/logo-1-1.png","width":1878,"height":2000,"caption":"ExpertisENR"},"image":{"@id":"https:\/\/expertisenr.fr\/#\/schema\/logo\/image\/"}}]}},"_links":{"self":[{"href":"https:\/\/expertisenr.fr\/en\/wp-json\/wp\/v2\/pages\/135","targetHints":{"allow":["GET"]}}],"collection":[{"href":"https:\/\/expertisenr.fr\/en\/wp-json\/wp\/v2\/pages"}],"about":[{"href":"https:\/\/expertisenr.fr\/en\/wp-json\/wp\/v2\/types\/page"}],"author":[{"embeddable":true,"href":"https:\/\/expertisenr.fr\/en\/wp-json\/wp\/v2\/users\/1"}],"replies":[{"embeddable":true,"href":"https:\/\/expertisenr.fr\/en\/wp-json\/wp\/v2\/comments?post=135"}],"version-history":[{"count":21,"href":"https:\/\/expertisenr.fr\/en\/wp-json\/wp\/v2\/pages\/135\/revisions"}],"predecessor-version":[{"id":425,"href":"https:\/\/expertisenr.fr\/en\/wp-json\/wp\/v2\/pages\/135\/revisions\/425"}],"wp:attachment":[{"href":"https:\/\/expertisenr.fr\/en\/wp-json\/wp\/v2\/media?parent=135"}],"curies":[{"name":"wp","href":"https:\/\/api.w.org\/{rel}","templated":true}]}}