{"id":151,"date":"2025-09-22T20:42:40","date_gmt":"2025-09-22T19:42:40","guid":{"rendered":"https:\/\/expertisenr.fr\/?page_id=151"},"modified":"2025-10-28T16:50:46","modified_gmt":"2025-10-28T15:50:46","slug":"accueil","status":"publish","type":"page","link":"https:\/\/expertisenr.fr\/en\/","title":{"rendered":"Home"},"content":{"rendered":"<div class=\"wp-block-group alignfull is-layout-flow wp-block-group-is-layout-flow\" style=\"padding-top:0;padding-right:var(--wp--preset--spacing--20);padding-bottom:0;padding-left:var(--wp--preset--spacing--20)\">\n<div class=\"wp-block-group has-global-padding is-layout-constrained wp-container-core-group-is-layout-650790e1 wp-block-group-is-layout-constrained\">\n<h2 class=\"wp-block-heading has-text-align-center has-primary-color has-text-color has-link-color has-poppins-font-family has-x-large-font-size wp-elements-ad92a14ee82d396d393eacc31f75a2bc\">Our Mission: To provide concrete and customized solutions through three complementary areas<\/h2>\n<\/div>\n\n\n\n<div style=\"height:var(--wp--preset--spacing--30)\" aria-hidden=\"true\" class=\"wp-block-spacer\"><\/div>\n<\/div>\n\n\n\n<div class=\"wp-block-group alignfull has-base-2-background-color has-background is-horizontal is-content-justification-left is-nowrap is-layout-flex wp-container-core-group-is-layout-637cb435 wp-block-group-is-layout-flex\" style=\"margin-top:0;margin-bottom:0;padding-top:var(--wp--preset--spacing--50);padding-right:var(--wp--preset--spacing--50);padding-bottom:var(--wp--preset--spacing--50);padding-left:var(--wp--preset--spacing--50)\">\n<div class=\"wp-block-columns alignwide has-poppins-font-family has-medium-font-size is-layout-flex wp-container-core-columns-is-layout-1a00e1f6 wp-block-columns-is-layout-flex\" style=\"border-style:none;border-width:0px;border-radius:0px;margin-top:0;margin-bottom:0;padding-top:0;padding-right:0;padding-bottom:0;padding-left:0\">\n<div class=\"wp-block-column is-layout-flow wp-container-core-column-is-layout-e3d1c41b wp-block-column-is-layout-flow\">\n<h3 class=\"wp-block-heading has-text-align-center is-style-default has-primary-color has-text-color has-link-color has-poppins-font-family has-medium-font-size wp-elements-9a3074630c79daeebecf48153b1390f0\" style=\"font-style:normal;font-weight:700\"><a href=\"https:\/\/expertisenr.fr\/en\/expertise-technique\/\" data-type=\"page\" data-id=\"115\">Technical Expertise<\/a> :<\/h3>\n\n\n\n<div style=\"height:20px\" aria-hidden=\"true\" class=\"wp-block-spacer\"><\/div>\n\n\n\n<p class=\"has-text-align-left has-primary-color has-text-color has-link-color has-rubik-font-family has-medium-font-size wp-elements-8f206ae0ef5f4106eb3b0f36cea88cd8\">Pour les op\u00e9rateurs d\u2019actifs et les compagnies d\u2019assurance, avec des analyses fiables et rigoureuses.<\/p>\n\n\n\n<div style=\"height:36px\" aria-hidden=\"true\" class=\"wp-block-spacer\"><\/div>\n<\/div>\n\n\n\n<div class=\"wp-block-column is-vertically-aligned-top has-poppins-font-family has-medium-font-size is-layout-flow wp-container-core-column-is-layout-e3d1c41b wp-block-column-is-layout-flow\">\n<h3 class=\"wp-block-heading has-text-align-center is-style-default has-primary-color has-text-color has-link-color has-poppins-font-family has-medium-font-size wp-elements-d0d76f85579b06afe10562b2a096dde7\" style=\"font-style:normal;font-weight:700\"><a href=\"https:\/\/expertisenr.fr\/en\/accompagnement-operationnel\/\" data-type=\"page\" data-id=\"135\"><strong>Operational Support<\/strong> :<\/a><\/h3>\n\n\n\n<div style=\"height:20px\" aria-hidden=\"true\" class=\"wp-block-spacer\"><\/div>\n\n\n\n<p class=\"has-text-align-left has-primary-color has-text-color has-link-color has-rubik-font-family has-medium-font-size wp-elements-b19ef88c755473826b091ace78fdbdd2\">To assist renewable energy operators in their projects and daily activities.<\/p>\n\n\n\n<div style=\"height:20px\" aria-hidden=\"true\" class=\"wp-block-spacer\"><\/div>\n<\/div>\n\n\n\n<div class=\"wp-block-column is-layout-flow wp-container-core-column-is-layout-040789e5 wp-block-column-is-layout-flow\" style=\"padding-right:0;padding-left:0\">\n<h3 class=\"wp-block-heading has-text-align-center has-primary-color has-text-color has-link-color has-poppins-font-family has-medium-font-size wp-elements-be1bdcbf7ed00c6643b55824a14b4f2d\" style=\"font-style:normal;font-weight:700\"><a href=\"https:\/\/expertisenr.fr\/en\/formation\/\" data-type=\"page\" data-id=\"27\"><strong>Training<\/strong> :<\/a><\/h3>\n\n\n\n<div style=\"height:20px\" aria-hidden=\"true\" class=\"wp-block-spacer\"><\/div>\n\n\n\n<p class=\"has-text-align-left has-primary-color has-text-color has-link-color has-rubik-font-family has-medium-font-size wp-elements-d601694635ed50c8aee0d4ebc4c44818\">For schools and companies looking to strengthen their skills in the field of renewable energy.<\/p>\n\n\n\n<div style=\"height:18px\" aria-hidden=\"true\" class=\"wp-block-spacer\"><\/div>\n<\/div>\n<\/div>\n\n\n\n<div style=\"height:min(1.5rem, 2vw);width:0px\" aria-hidden=\"true\" class=\"wp-block-spacer wp-container-content-9760934e\"><\/div>\n<\/div>\n\n\n\n<div class=\"wp-block-group alignfull has-base-color has-contrast-background-color has-text-color has-background has-global-padding is-layout-constrained wp-container-core-group-is-layout-ef3d885c wp-block-group-is-layout-constrained\" style=\"margin-top:0;margin-bottom:0;padding-top:var(--wp--preset--spacing--60);padding-right:var(--wp--preset--spacing--60);padding-bottom:var(--wp--preset--spacing--60);padding-left:var(--wp--preset--spacing--60)\">\n<div class=\"wp-block-group has-global-padding is-layout-constrained wp-block-group-is-layout-constrained\">\n<figure class=\"wp-block-image aligncenter size-large is-resized has-custom-border is-style-rounded\" style=\"margin-top:0;margin-bottom:0\"><img loading=\"lazy\" decoding=\"async\" width=\"1024\" height=\"521\" src=\"https:\/\/expertisenr.fr\/wp-content\/uploads\/2025\/10\/renewable-v2-1024x521.jpg\" alt=\"\" class=\"wp-image-492\" style=\"border-radius:18px;aspect-ratio:16\/9;object-fit:cover;width:1004px;height:auto\" srcset=\"https:\/\/expertisenr.fr\/wp-content\/uploads\/2025\/10\/renewable-v2-1024x521.jpg 1024w, https:\/\/expertisenr.fr\/wp-content\/uploads\/2025\/10\/renewable-v2-300x153.jpg 300w, https:\/\/expertisenr.fr\/wp-content\/uploads\/2025\/10\/renewable-v2-768x391.jpg 768w, https:\/\/expertisenr.fr\/wp-content\/uploads\/2025\/10\/renewable-v2-1536x781.jpg 1536w, https:\/\/expertisenr.fr\/wp-content\/uploads\/2025\/10\/renewable-v2-2048x1042.jpg 2048w, https:\/\/expertisenr.fr\/wp-content\/uploads\/2025\/10\/renewable-v2-18x9.jpg 18w\" sizes=\"auto, (max-width: 1024px) 100vw, 1024px\" \/><\/figure>\n\n\n\n<div style=\"height:42px\" aria-hidden=\"true\" class=\"wp-block-spacer\"><\/div>\n\n\n\n<blockquote class=\"wp-block-quote is-style-plain is-layout-flow wp-block-quote-is-layout-flow\">\n<p class=\"has-text-align-center has-primary-color has-text-color has-large-font-size\" style=\"line-height:1.2\"><em>My Commitment : To share recognized expertise, in-depth knowledge of the sector and its stakeholders, and to ensure support that combines rigor, professionalism, and efficiency. This commitment aims to fully contribute to the success of your projects in an ever-evolving industry.<\/em><\/p>\n<\/blockquote>\n\n\n\n<div style=\"height:var(--wp--preset--spacing--10)\" aria-hidden=\"true\" class=\"wp-block-spacer\"><\/div>\n\n\n\n<div class=\"wp-block-group is-vertical is-content-justification-center is-nowrap is-layout-flex wp-container-core-group-is-layout-2dc08cea wp-block-group-is-layout-flex\">\n<figure class=\"wp-block-image aligncenter size-medium is-resized has-custom-border\" style=\"margin-top:var(--wp--preset--spacing--10);margin-bottom:var(--wp--preset--spacing--10)\"><img loading=\"lazy\" decoding=\"async\" width=\"300\" height=\"225\" src=\"https:\/\/expertisenr.fr\/wp-content\/uploads\/2025\/10\/IMG_4145-300x225.jpg\" alt=\"\" class=\"wp-image-354\" style=\"border-radius:53px;aspect-ratio:1;object-fit:cover;width:76px;height:auto\" srcset=\"\" sizes=\"auto, (max-width: 300px) 100vw, 300px\" data-srcset=\"\" \/><\/figure>\n\n\n\n<p class=\"has-text-align-center has-primary-color has-text-color has-link-color has-rubik-font-family wp-elements-f206d1a065e785d3b8ff749e71d4d3af\" style=\"margin-top:var(--wp--preset--spacing--10);margin-bottom:0\">Julien Salami<\/p>\n\n\n\n<p class=\"has-text-align-center has-primary-color has-text-color has-link-color has-rubik-font-family wp-elements-7997e30c42a1558ca3d02a87290dc9f8\" style=\"margin-top:var(--wp--preset--spacing--10);margin-bottom:0\">Manager, ExpetisENR<\/p>\n<\/div>\n<\/div>\n\n\n\n<div class=\"wp-block-buttons is-content-justification-center is-layout-flex wp-container-core-buttons-is-layout-a89b3969 wp-block-buttons-is-layout-flex\">\n<div class=\"wp-block-button\"><a class=\"wp-block-button__link has-pure-black-color has-secondary-background-color has-text-color has-background has-link-color has-rubik-font-family has-text-align-center wp-element-button\" href=\"https:\/\/expertisenr.fr\/en\/qui-sommes-nous\/\" style=\"border-width:2px;border-radius:15px;font-style:normal;font-weight:500\">Who we Are<\/a><\/div>\n<\/div>\n<\/div>","protected":false},"excerpt":{"rendered":"<p>Notre mission : apporter des solutions concr\u00e8tes et sur mesure \u00e0 travers trois axes compl\u00e9mentaires Expertise Technique : Pour les op\u00e9rateurs d\u2019actifs et les compagnies d\u2019assurance, avec des analyses fiables et rigoureuses. Accompagnement op\u00e9rationnel : Pour soutenir les op\u00e9rateurs d\u2019\u00e9nergie renouvelable dans leurs projets et leurs activit\u00e9s au quotidien. Formation : Pour les \u00e9coles et [&hellip;]<\/p>\n","protected":false},"author":1,"featured_media":0,"parent":0,"menu_order":0,"comment_status":"closed","ping_status":"closed","template":"","meta":{"footnotes":""},"class_list":["post-151","page","type-page","status-publish","hentry"],"yoast_head":"<!-- This site is optimized with the Yoast SEO plugin v27.1.1 - https:\/\/yoast.com\/product\/yoast-seo-wordpress\/ -->\n<title>Accueil - www.expertisenr.fr<\/title>\n<meta name=\"description\" content=\"Expertise, Formation et Accompagnement en \u00c9nergies Renouvelables\" \/>\n<meta name=\"robots\" content=\"index, follow, max-snippet:-1, max-image-preview:large, max-video-preview:-1\" \/>\n<link rel=\"canonical\" href=\"https:\/\/expertisenr.fr\/en\/\" \/>\n<meta property=\"og:locale\" content=\"en_GB\" \/>\n<meta property=\"og:type\" content=\"article\" \/>\n<meta property=\"og:title\" content=\"Accueil - www.expertisenr.fr\" \/>\n<meta property=\"og:description\" content=\"Expertise, Formation et Accompagnement en \u00c9nergies Renouvelables\" \/>\n<meta property=\"og:url\" content=\"https:\/\/expertisenr.fr\/en\/\" \/>\n<meta property=\"og:site_name\" content=\"www.expertisenr.fr\" \/>\n<meta property=\"article:modified_time\" content=\"2025-10-28T15:50:46+00:00\" \/>\n<meta property=\"og:image\" content=\"https:\/\/expertisenr.fr\/wp-content\/uploads\/2025\/10\/renewable-v2.jpg\" \/>\n\t<meta property=\"og:image:width\" content=\"2200\" \/>\n\t<meta property=\"og:image:height\" content=\"1119\" \/>\n\t<meta property=\"og:image:type\" content=\"image\/jpeg\" \/>\n<meta name=\"twitter:card\" content=\"summary_large_image\" \/>\n<meta name=\"twitter:label1\" content=\"Estimated reading time\" \/>\n\t<meta name=\"twitter:data1\" content=\"1 minute\" \/>\n<script type=\"application\/ld+json\" class=\"yoast-schema-graph\">{\"@context\":\"https:\/\/schema.org\",\"@graph\":[{\"@type\":\"WebPage\",\"@id\":\"https:\/\/expertisenr.fr\/\",\"url\":\"https:\/\/expertisenr.fr\/\",\"name\":\"Accueil - www.expertisenr.fr\",\"isPartOf\":{\"@id\":\"https:\/\/expertisenr.fr\/#website\"},\"primaryImageOfPage\":{\"@id\":\"https:\/\/expertisenr.fr\/#primaryimage\"},\"image\":{\"@id\":\"https:\/\/expertisenr.fr\/#primaryimage\"},\"thumbnailUrl\":\"https:\/\/expertisenr.fr\/wp-content\/uploads\/2025\/10\/renewable-v2-1024x521.jpg\",\"datePublished\":\"2025-09-22T19:42:40+00:00\",\"dateModified\":\"2025-10-28T15:50:46+00:00\",\"description\":\"Expertise, Formation et Accompagnement en \u00c9nergies Renouvelables\",\"breadcrumb\":{\"@id\":\"https:\/\/expertisenr.fr\/#breadcrumb\"},\"inLanguage\":\"en-GB\",\"potentialAction\":[{\"@type\":\"ReadAction\",\"target\":[\"https:\/\/expertisenr.fr\/\"]}]},{\"@type\":\"ImageObject\",\"inLanguage\":\"en-GB\",\"@id\":\"https:\/\/expertisenr.fr\/#primaryimage\",\"url\":\"https:\/\/expertisenr.fr\/wp-content\/uploads\/2025\/10\/renewable-v2-1024x521.jpg\",\"contentUrl\":\"https:\/\/expertisenr.fr\/wp-content\/uploads\/2025\/10\/renewable-v2-1024x521.jpg\"},{\"@type\":\"BreadcrumbList\",\"@id\":\"https:\/\/expertisenr.fr\/#breadcrumb\",\"itemListElement\":[{\"@type\":\"ListItem\",\"position\":1,\"name\":\"Accueil\",\"item\":\"https:\/\/expertisenr.fr\/\"},{\"@type\":\"ListItem\",\"position\":2,\"name\":\"Accueil\"}]},{\"@type\":\"WebSite\",\"@id\":\"https:\/\/expertisenr.fr\/#website\",\"url\":\"https:\/\/expertisenr.fr\/\",\"name\":\"www.expertisenr.fr\",\"description\":\"Expertise, Formation et Accompagnement en \u00c9nergies Renouvelables\",\"publisher\":{\"@id\":\"https:\/\/expertisenr.fr\/#organization\"},\"potentialAction\":[{\"@type\":\"SearchAction\",\"target\":{\"@type\":\"EntryPoint\",\"urlTemplate\":\"https:\/\/expertisenr.fr\/?s={search_term_string}\"},\"query-input\":{\"@type\":\"PropertyValueSpecification\",\"valueRequired\":true,\"valueName\":\"search_term_string\"}}],\"inLanguage\":\"en-GB\"},{\"@type\":\"Organization\",\"@id\":\"https:\/\/expertisenr.fr\/#organization\",\"name\":\"ExpertisENR\",\"url\":\"https:\/\/expertisenr.fr\/\",\"logo\":{\"@type\":\"ImageObject\",\"inLanguage\":\"en-GB\",\"@id\":\"https:\/\/expertisenr.fr\/#\/schema\/logo\/image\/\",\"url\":\"https:\/\/expertisenr.fr\/wp-content\/uploads\/2025\/09\/logo-1-1.png\",\"contentUrl\":\"https:\/\/expertisenr.fr\/wp-content\/uploads\/2025\/09\/logo-1-1.png\",\"width\":1878,\"height\":2000,\"caption\":\"ExpertisENR\"},\"image\":{\"@id\":\"https:\/\/expertisenr.fr\/#\/schema\/logo\/image\/\"}}]}<\/script>\n<!-- \/ Yoast SEO plugin. -->","yoast_head_json":{"title":"Accueil - www.expertisenr.fr","description":"Expertise, Formation et Accompagnement en \u00c9nergies Renouvelables","robots":{"index":"index","follow":"follow","max-snippet":"max-snippet:-1","max-image-preview":"max-image-preview:large","max-video-preview":"max-video-preview:-1"},"canonical":"https:\/\/expertisenr.fr\/en\/","og_locale":"en_GB","og_type":"article","og_title":"Accueil - www.expertisenr.fr","og_description":"Expertise, Formation et Accompagnement en \u00c9nergies Renouvelables","og_url":"https:\/\/expertisenr.fr\/en\/","og_site_name":"www.expertisenr.fr","article_modified_time":"2025-10-28T15:50:46+00:00","og_image":[{"width":2200,"height":1119,"url":"https:\/\/expertisenr.fr\/wp-content\/uploads\/2025\/10\/renewable-v2.jpg","type":"image\/jpeg"}],"twitter_card":"summary_large_image","twitter_misc":{"Estimated reading time":"1 minute"},"schema":{"@context":"https:\/\/schema.org","@graph":[{"@type":"WebPage","@id":"https:\/\/expertisenr.fr\/","url":"https:\/\/expertisenr.fr\/","name":"Accueil - www.expertisenr.fr","isPartOf":{"@id":"https:\/\/expertisenr.fr\/#website"},"primaryImageOfPage":{"@id":"https:\/\/expertisenr.fr\/#primaryimage"},"image":{"@id":"https:\/\/expertisenr.fr\/#primaryimage"},"thumbnailUrl":"https:\/\/expertisenr.fr\/wp-content\/uploads\/2025\/10\/renewable-v2-1024x521.jpg","datePublished":"2025-09-22T19:42:40+00:00","dateModified":"2025-10-28T15:50:46+00:00","description":"Expertise, Formation et Accompagnement en \u00c9nergies Renouvelables","breadcrumb":{"@id":"https:\/\/expertisenr.fr\/#breadcrumb"},"inLanguage":"en-GB","potentialAction":[{"@type":"ReadAction","target":["https:\/\/expertisenr.fr\/"]}]},{"@type":"ImageObject","inLanguage":"en-GB","@id":"https:\/\/expertisenr.fr\/#primaryimage","url":"https:\/\/expertisenr.fr\/wp-content\/uploads\/2025\/10\/renewable-v2-1024x521.jpg","contentUrl":"https:\/\/expertisenr.fr\/wp-content\/uploads\/2025\/10\/renewable-v2-1024x521.jpg"},{"@type":"BreadcrumbList","@id":"https:\/\/expertisenr.fr\/#breadcrumb","itemListElement":[{"@type":"ListItem","position":1,"name":"Accueil","item":"https:\/\/expertisenr.fr\/"},{"@type":"ListItem","position":2,"name":"Accueil"}]},{"@type":"WebSite","@id":"https:\/\/expertisenr.fr\/#website","url":"https:\/\/expertisenr.fr\/","name":"www.expertisenr.fr","description":"Expertise, Formation et Accompagnement en \u00c9nergies Renouvelables","publisher":{"@id":"https:\/\/expertisenr.fr\/#organization"},"potentialAction":[{"@type":"SearchAction","target":{"@type":"EntryPoint","urlTemplate":"https:\/\/expertisenr.fr\/?s={search_term_string}"},"query-input":{"@type":"PropertyValueSpecification","valueRequired":true,"valueName":"search_term_string"}}],"inLanguage":"en-GB"},{"@type":"Organization","@id":"https:\/\/expertisenr.fr\/#organization","name":"ExpertisENR","url":"https:\/\/expertisenr.fr\/","logo":{"@type":"ImageObject","inLanguage":"en-GB","@id":"https:\/\/expertisenr.fr\/#\/schema\/logo\/image\/","url":"https:\/\/expertisenr.fr\/wp-content\/uploads\/2025\/09\/logo-1-1.png","contentUrl":"https:\/\/expertisenr.fr\/wp-content\/uploads\/2025\/09\/logo-1-1.png","width":1878,"height":2000,"caption":"ExpertisENR"},"image":{"@id":"https:\/\/expertisenr.fr\/#\/schema\/logo\/image\/"}}]}},"_links":{"self":[{"href":"https:\/\/expertisenr.fr\/en\/wp-json\/wp\/v2\/pages\/151","targetHints":{"allow":["GET"]}}],"collection":[{"href":"https:\/\/expertisenr.fr\/en\/wp-json\/wp\/v2\/pages"}],"about":[{"href":"https:\/\/expertisenr.fr\/en\/wp-json\/wp\/v2\/types\/page"}],"author":[{"embeddable":true,"href":"https:\/\/expertisenr.fr\/en\/wp-json\/wp\/v2\/users\/1"}],"replies":[{"embeddable":true,"href":"https:\/\/expertisenr.fr\/en\/wp-json\/wp\/v2\/comments?post=151"}],"version-history":[{"count":34,"href":"https:\/\/expertisenr.fr\/en\/wp-json\/wp\/v2\/pages\/151\/revisions"}],"predecessor-version":[{"id":493,"href":"https:\/\/expertisenr.fr\/en\/wp-json\/wp\/v2\/pages\/151\/revisions\/493"}],"wp:attachment":[{"href":"https:\/\/expertisenr.fr\/en\/wp-json\/wp\/v2\/media?parent=151"}],"curies":[{"name":"wp","href":"https:\/\/api.w.org\/{rel}","templated":true}]}}