{"id":2,"date":"2025-09-18T08:46:24","date_gmt":"2025-09-18T08:46:24","guid":{"rendered":"http:\/\/uspfsim.cluster100.hosting.ovh.net\/?page_id=2"},"modified":"2025-10-22T11:19:02","modified_gmt":"2025-10-22T10:19:02","slug":"contact","status":"publish","type":"page","link":"https:\/\/expertisenr.fr\/en\/contact\/","title":{"rendered":"Contact"},"content":{"rendered":"<style id=\"wpforms-css-vars-180-block-75c7d777-55e9-422d-8c7d-310c469caca9\">\n\t\t\t\t#wpforms-180.wpforms-block-75c7d777-55e9-422d-8c7d-310c469caca9 {\n\t\t\t\t--wpforms-label-color: #627a86;\n--wpforms-field-text-color: #627a86;\n--wpforms-button-background-color: #627a86;\n--wpforms-field-size-input-height: 43px;\n--wpforms-field-size-input-spacing: 15px;\n--wpforms-field-size-font-size: 16px;\n--wpforms-field-size-line-height: 19px;\n--wpforms-field-size-padding-h: 14px;\n--wpforms-field-size-checkbox-size: 16px;\n--wpforms-field-size-sublabel-spacing: 5px;\n--wpforms-field-size-icon-size: 1;\n--wpforms-label-size-font-size: 16px;\n--wpforms-label-size-line-height: 19px;\n--wpforms-label-size-sublabel-font-size: 14px;\n--wpforms-label-size-sublabel-line-height: 17px;\n--wpforms-button-size-font-size: 17px;\n--wpforms-button-size-height: 41px;\n--wpforms-button-size-padding-h: 15px;\n--wpforms-button-size-margin-top: 10px;\n\t\t\t}\n\t\t\t<\/style><div class=\"wpforms-container wpforms-container-full wpforms-block wpforms-block-75c7d777-55e9-422d-8c7d-310c469caca9 wpforms-render-modern\" id=\"wpforms-180\"><form id=\"wpforms-form-180\" class=\"wpforms-validate wpforms-form wpforms-ajax-form\" data-formid=\"180\" method=\"post\" enctype=\"multipart\/form-data\" action=\"\/en\/wp-json\/wp\/v2\/pages\/2\" data-token=\"c181d18ad6206b4b7ee3f6afbac278b6\" data-token-time=\"1775810607\"><noscript class=\"wpforms-error-noscript\">Please enable JavaScript in your browser to complete this form.<\/noscript><div id=\"wpforms-error-noscript\" style=\"display: none;\">Please enable JavaScript in your browser to complete this form.<\/div><div class=\"wpforms-field-container\"><div id=\"wpforms-180-field_6-container\" class=\"wpforms-field wpforms-field-text\" data-field-id=\"6\"><label class=\"wpforms-field-label\" for=\"wpforms-180-field_6\">Entreprise<\/label><input type=\"text\" id=\"wpforms-180-field_6\" class=\"wpforms-field-medium\" name=\"wpforms[fields][6]\" aria-errormessage=\"wpforms-180-field_6-error\" ><\/div><div id=\"wpforms-180-field_0-container\" class=\"wpforms-field wpforms-field-name\" data-field-id=\"0\"><label class=\"wpforms-field-label\" for=\"wpforms-180-field_0\">Nom <span class=\"wpforms-required-label\" aria-hidden=\"true\">*<\/span><\/label><input type=\"text\" id=\"wpforms-180-field_0\" class=\"wpforms-field-medium wpforms-field-required\" name=\"wpforms[fields][0]\" aria-errormessage=\"wpforms-180-field_0-error\" required><\/div><div id=\"wpforms-180-field_7-container\" class=\"wpforms-field wpforms-field-name\" data-field-id=\"7\"><label class=\"wpforms-field-label\" for=\"wpforms-180-field_7\">Pr\u00e9nom<\/label><input type=\"text\" id=\"wpforms-180-field_7\" class=\"wpforms-field-medium\" name=\"wpforms[fields][7]\" aria-errormessage=\"wpforms-180-field_7-error\" ><\/div><div id=\"wpforms-180-field_1-container\" class=\"wpforms-field wpforms-field-email\" data-field-id=\"1\"><label class=\"wpforms-field-label\" for=\"wpforms-180-field_1\">Email <span class=\"wpforms-required-label\" aria-hidden=\"true\">*<\/span><\/label><input type=\"email\" id=\"wpforms-180-field_1\" class=\"wpforms-field-medium wpforms-field-required\" name=\"wpforms[fields][1]\" spellcheck=\"false\" aria-errormessage=\"wpforms-180-field_1-error\" required><\/div><div id=\"wpforms-180-field_10-container\" class=\"wpforms-field wpforms-field-text\" data-field-id=\"10\"><label class=\"wpforms-field-label\" for=\"wpforms-180-field_10\">T\u00e9l\u00e9phone<\/label><input type=\"text\" id=\"wpforms-180-field_10\" class=\"wpforms-field-medium\" name=\"wpforms[fields][10]\" aria-errormessage=\"wpforms-180-field_10-error\" ><\/div><div id=\"wpforms-180-field_9-container\" class=\"wpforms-field wpforms-field-select wpforms-field-select-style-classic\" data-field-id=\"9\"><label class=\"wpforms-field-label\" for=\"wpforms-180-field_9\">Type de demande <span class=\"wpforms-required-label\" aria-hidden=\"true\">*<\/span><\/label><select id=\"wpforms-180-field_9\" class=\"wpforms-field-medium wpforms-field-required\" name=\"wpforms[fields][9]\" required=\"required\"><option value=\"\" class=\"placeholder\" disabled  selected='selected'>&#8212; S\u00e9lectionner un choix &#8212;<\/option><option value=\"Expertise Technique\"  class=\"choice-1 depth-1\"  >Expertise Technique<\/option><option value=\"Accompagnement Operationnel\"  class=\"choice-2 depth-1\"  >Accompagnement Operationnel<\/option><option value=\"Formation\"  class=\"choice-3 depth-1\"  >Formation<\/option><option value=\"Autre\"  class=\"choice-4 depth-1\"  >Autre<\/option><\/select><\/div>\t\t<div id=\"wpforms-180-field_2-container\"\n\t\t\tclass=\"wpforms-field wpforms-field-text\"\n\t\t\tdata-field-type=\"text\"\n\t\t\tdata-field-id=\"2\"\n\t\t\t>\n\t\t\t<label class=\"wpforms-field-label\" for=\"wpforms-180-field_2\" >de Type T\u00e9l\u00e9phone<\/label>\n\t\t\t<input type=\"text\" id=\"wpforms-180-field_2\" class=\"wpforms-field-medium\" name=\"wpforms[fields][2]\" >\n\t\t<\/div>\n\t\t<div id=\"wpforms-180-field_3-container\" class=\"wpforms-field wpforms-field-textarea\" data-field-id=\"3\"><label class=\"wpforms-field-label\" for=\"wpforms-180-field_3\">Message <span class=\"wpforms-required-label\" aria-hidden=\"true\">*<\/span><\/label><textarea id=\"wpforms-180-field_3\" class=\"wpforms-field-medium wpforms-field-required\" name=\"wpforms[fields][3]\" aria-errormessage=\"wpforms-180-field_3-error\" required><\/textarea><\/div><script>\n\t\t\t\t( function() {\n\t\t\t\t\tconst style = document.createElement( 'style' );\n\t\t\t\t\tstyle.appendChild( document.createTextNode( '#wpforms-180-field_2-container { position: absolute !important; overflow: hidden !important; display: inline !important; height: 1px !important; width: 1px !important; z-index: -1000 !important; padding: 0 !important; } #wpforms-180-field_2-container input { visibility: hidden; } #wpforms-conversational-form-page #wpforms-180-field_2-container label { counter-increment: none; }' ) );\n\t\t\t\t\tdocument.head.appendChild( style );\n\t\t\t\t\tdocument.currentScript?.remove();\n\t\t\t\t} )();\n\t\t\t<\/script><\/div><!-- .wpforms-field-container --><div class=\"wpforms-submit-container\" ><input type=\"hidden\" name=\"wpforms[id]\" value=\"180\"><input type=\"hidden\" name=\"page_title\" value=\"\"><input type=\"hidden\" name=\"page_url\" value=\"https:\/\/expertisenr.fr\/en\/wp-json\/wp\/v2\/pages\/2\"><input type=\"hidden\" name=\"url_referer\" value=\"\"><button type=\"submit\" name=\"wpforms[submit]\" id=\"wpforms-submit-180\" class=\"wpforms-submit\" data-alt-text=\"Envoi en cours\" data-submit-text=\"Envoyer\" aria-live=\"assertive\" value=\"wpforms-submit\">Envoyer<\/button><img loading=\"lazy\" decoding=\"async\" src=\"https:\/\/expertisenr.fr\/wp-content\/plugins\/wpforms-lite\/assets\/images\/submit-spin.svg\" class=\"wpforms-submit-spinner\" style=\"display: none;\" width=\"26\" height=\"26\" alt=\"Loading\"><\/div><\/form><\/div>  <!-- .wpforms-container -->\n\n\n<p class=\"has-primary-color has-text-color has-link-color wp-elements-74feebdf84f747efc1c34a6f84d47a9c\"><strong>Protection des donn\u00e9es et confidentialit\u00e9 :<\/strong><br><em>Les informations recueillies sur ce formulaire sont enregistr\u00e9es dans un fichier informatis\u00e9 par ExpertisENR pour la gestion de notre relation client et la r\u00e9ponse \u00e0 vos demandes.<br>Elles sont conserv\u00e9es pendant la dur\u00e9e de la relation commerciale et sont destin\u00e9es uniquement \u00e0 nos services internes, \u00e9tablis dans l\u2019Union europ\u00e9enne.<br>Conform\u00e9ment \u00e0 la r\u00e9glementation en vigueur sur la protection des donn\u00e9es (RGPD), vous pouvez exercer votre droit d\u2019acc\u00e8s, de rectification, d\u2019opposition, de limitation, de portabilit\u00e9 et d\u2019effacement des donn\u00e9es vous concernant en nous contactant \u00e0 l\u2019adresse suivante : contact@expertisenr.fr.<br>Nous vous informons \u00e9galement de l\u2019existence de la liste d\u2019opposition au d\u00e9marchage t\u00e9l\u00e9phonique \u00ab Bloctel \u00bb, sur laquelle vous pouvez vous inscrire ici : https:\/\/conso.bloctel.fr\/.<\/em><\/p>\n","protected":false},"excerpt":{"rendered":"<p>Protection des donn\u00e9es et confidentialit\u00e9 :Les informations recueillies sur ce formulaire sont enregistr\u00e9es dans un fichier informatis\u00e9 par ExpertisENR pour la gestion de notre relation client et la r\u00e9ponse \u00e0 vos demandes.Elles sont conserv\u00e9es pendant la dur\u00e9e de la relation commerciale et sont destin\u00e9es uniquement \u00e0 nos services internes, \u00e9tablis dans l\u2019Union europ\u00e9enne.Conform\u00e9ment \u00e0 la [&hellip;]<\/p>\n","protected":false},"author":1,"featured_media":0,"parent":0,"menu_order":0,"comment_status":"closed","ping_status":"closed","template":"","meta":{"footnotes":""},"class_list":["post-2","page","type-page","status-publish","hentry"],"yoast_head":"<!-- This site is optimized with the Yoast SEO plugin v27.1.1 - https:\/\/yoast.com\/product\/yoast-seo-wordpress\/ -->\n<title>Contact - www.expertisenr.fr<\/title>\n<meta name=\"robots\" content=\"index, follow, max-snippet:-1, max-image-preview:large, max-video-preview:-1\" \/>\n<link rel=\"canonical\" href=\"https:\/\/expertisenr.fr\/en\/contact\/\" \/>\n<meta property=\"og:locale\" content=\"en_GB\" \/>\n<meta property=\"og:type\" content=\"article\" \/>\n<meta property=\"og:title\" content=\"Contact - www.expertisenr.fr\" \/>\n<meta property=\"og:description\" content=\"Protection des donn\u00e9es et confidentialit\u00e9 :Les informations recueillies sur ce formulaire sont enregistr\u00e9es dans un fichier informatis\u00e9 par ExpertisENR pour la gestion de notre relation client et la r\u00e9ponse \u00e0 vos demandes.Elles sont conserv\u00e9es pendant la dur\u00e9e de la relation commerciale et sont destin\u00e9es uniquement \u00e0 nos services internes, \u00e9tablis dans l\u2019Union europ\u00e9enne.Conform\u00e9ment \u00e0 la [&hellip;]\" \/>\n<meta property=\"og:url\" content=\"https:\/\/expertisenr.fr\/en\/contact\/\" \/>\n<meta property=\"og:site_name\" content=\"www.expertisenr.fr\" \/>\n<meta property=\"article:modified_time\" content=\"2025-10-22T10:19:02+00:00\" \/>\n<meta name=\"twitter:card\" content=\"summary_large_image\" \/>\n<meta name=\"twitter:label1\" content=\"Estimated reading time\" \/>\n\t<meta name=\"twitter:data1\" content=\"1 minute\" \/>\n<script type=\"application\/ld+json\" class=\"yoast-schema-graph\">{\"@context\":\"https:\/\/schema.org\",\"@graph\":[{\"@type\":\"WebPage\",\"@id\":\"https:\/\/expertisenr.fr\/contact\/\",\"url\":\"https:\/\/expertisenr.fr\/contact\/\",\"name\":\"Contact - www.expertisenr.fr\",\"isPartOf\":{\"@id\":\"https:\/\/expertisenr.fr\/#website\"},\"datePublished\":\"2025-09-18T08:46:24+00:00\",\"dateModified\":\"2025-10-22T10:19:02+00:00\",\"breadcrumb\":{\"@id\":\"https:\/\/expertisenr.fr\/contact\/#breadcrumb\"},\"inLanguage\":\"en-GB\",\"potentialAction\":[{\"@type\":\"ReadAction\",\"target\":[\"https:\/\/expertisenr.fr\/contact\/\"]}]},{\"@type\":\"BreadcrumbList\",\"@id\":\"https:\/\/expertisenr.fr\/contact\/#breadcrumb\",\"itemListElement\":[{\"@type\":\"ListItem\",\"position\":1,\"name\":\"Accueil\",\"item\":\"https:\/\/expertisenr.fr\/\"},{\"@type\":\"ListItem\",\"position\":2,\"name\":\"Contact\"}]},{\"@type\":\"WebSite\",\"@id\":\"https:\/\/expertisenr.fr\/#website\",\"url\":\"https:\/\/expertisenr.fr\/\",\"name\":\"www.expertisenr.fr\",\"description\":\"Expertise, Formation et Accompagnement en \u00c9nergies Renouvelables\",\"publisher\":{\"@id\":\"https:\/\/expertisenr.fr\/#organization\"},\"potentialAction\":[{\"@type\":\"SearchAction\",\"target\":{\"@type\":\"EntryPoint\",\"urlTemplate\":\"https:\/\/expertisenr.fr\/?s={search_term_string}\"},\"query-input\":{\"@type\":\"PropertyValueSpecification\",\"valueRequired\":true,\"valueName\":\"search_term_string\"}}],\"inLanguage\":\"en-GB\"},{\"@type\":\"Organization\",\"@id\":\"https:\/\/expertisenr.fr\/#organization\",\"name\":\"ExpertisENR\",\"url\":\"https:\/\/expertisenr.fr\/\",\"logo\":{\"@type\":\"ImageObject\",\"inLanguage\":\"en-GB\",\"@id\":\"https:\/\/expertisenr.fr\/#\/schema\/logo\/image\/\",\"url\":\"https:\/\/expertisenr.fr\/wp-content\/uploads\/2025\/09\/logo-1-1.png\",\"contentUrl\":\"https:\/\/expertisenr.fr\/wp-content\/uploads\/2025\/09\/logo-1-1.png\",\"width\":1878,\"height\":2000,\"caption\":\"ExpertisENR\"},\"image\":{\"@id\":\"https:\/\/expertisenr.fr\/#\/schema\/logo\/image\/\"}}]}<\/script>\n<!-- \/ Yoast SEO plugin. -->","yoast_head_json":{"title":"Contact - www.expertisenr.fr","robots":{"index":"index","follow":"follow","max-snippet":"max-snippet:-1","max-image-preview":"max-image-preview:large","max-video-preview":"max-video-preview:-1"},"canonical":"https:\/\/expertisenr.fr\/en\/contact\/","og_locale":"en_GB","og_type":"article","og_title":"Contact - www.expertisenr.fr","og_description":"Protection des donn\u00e9es et confidentialit\u00e9 :Les informations recueillies sur ce formulaire sont enregistr\u00e9es dans un fichier informatis\u00e9 par ExpertisENR pour la gestion de notre relation client et la r\u00e9ponse \u00e0 vos demandes.Elles sont conserv\u00e9es pendant la dur\u00e9e de la relation commerciale et sont destin\u00e9es uniquement \u00e0 nos services internes, \u00e9tablis dans l\u2019Union europ\u00e9enne.Conform\u00e9ment \u00e0 la [&hellip;]","og_url":"https:\/\/expertisenr.fr\/en\/contact\/","og_site_name":"www.expertisenr.fr","article_modified_time":"2025-10-22T10:19:02+00:00","twitter_card":"summary_large_image","twitter_misc":{"Estimated reading time":"1 minute"},"schema":{"@context":"https:\/\/schema.org","@graph":[{"@type":"WebPage","@id":"https:\/\/expertisenr.fr\/contact\/","url":"https:\/\/expertisenr.fr\/contact\/","name":"Contact - www.expertisenr.fr","isPartOf":{"@id":"https:\/\/expertisenr.fr\/#website"},"datePublished":"2025-09-18T08:46:24+00:00","dateModified":"2025-10-22T10:19:02+00:00","breadcrumb":{"@id":"https:\/\/expertisenr.fr\/contact\/#breadcrumb"},"inLanguage":"en-GB","potentialAction":[{"@type":"ReadAction","target":["https:\/\/expertisenr.fr\/contact\/"]}]},{"@type":"BreadcrumbList","@id":"https:\/\/expertisenr.fr\/contact\/#breadcrumb","itemListElement":[{"@type":"ListItem","position":1,"name":"Accueil","item":"https:\/\/expertisenr.fr\/"},{"@type":"ListItem","position":2,"name":"Contact"}]},{"@type":"WebSite","@id":"https:\/\/expertisenr.fr\/#website","url":"https:\/\/expertisenr.fr\/","name":"www.expertisenr.fr","description":"Expertise, Formation et Accompagnement en \u00c9nergies Renouvelables","publisher":{"@id":"https:\/\/expertisenr.fr\/#organization"},"potentialAction":[{"@type":"SearchAction","target":{"@type":"EntryPoint","urlTemplate":"https:\/\/expertisenr.fr\/?s={search_term_string}"},"query-input":{"@type":"PropertyValueSpecification","valueRequired":true,"valueName":"search_term_string"}}],"inLanguage":"en-GB"},{"@type":"Organization","@id":"https:\/\/expertisenr.fr\/#organization","name":"ExpertisENR","url":"https:\/\/expertisenr.fr\/","logo":{"@type":"ImageObject","inLanguage":"en-GB","@id":"https:\/\/expertisenr.fr\/#\/schema\/logo\/image\/","url":"https:\/\/expertisenr.fr\/wp-content\/uploads\/2025\/09\/logo-1-1.png","contentUrl":"https:\/\/expertisenr.fr\/wp-content\/uploads\/2025\/09\/logo-1-1.png","width":1878,"height":2000,"caption":"ExpertisENR"},"image":{"@id":"https:\/\/expertisenr.fr\/#\/schema\/logo\/image\/"}}]}},"_links":{"self":[{"href":"https:\/\/expertisenr.fr\/en\/wp-json\/wp\/v2\/pages\/2","targetHints":{"allow":["GET"]}}],"collection":[{"href":"https:\/\/expertisenr.fr\/en\/wp-json\/wp\/v2\/pages"}],"about":[{"href":"https:\/\/expertisenr.fr\/en\/wp-json\/wp\/v2\/types\/page"}],"author":[{"embeddable":true,"href":"https:\/\/expertisenr.fr\/en\/wp-json\/wp\/v2\/users\/1"}],"replies":[{"embeddable":true,"href":"https:\/\/expertisenr.fr\/en\/wp-json\/wp\/v2\/comments?post=2"}],"version-history":[{"count":7,"href":"https:\/\/expertisenr.fr\/en\/wp-json\/wp\/v2\/pages\/2\/revisions"}],"predecessor-version":[{"id":401,"href":"https:\/\/expertisenr.fr\/en\/wp-json\/wp\/v2\/pages\/2\/revisions\/401"}],"wp:attachment":[{"href":"https:\/\/expertisenr.fr\/en\/wp-json\/wp\/v2\/media?parent=2"}],"curies":[{"name":"wp","href":"https:\/\/api.w.org\/{rel}","templated":true}]}}