{"id":27,"date":"2025-09-20T15:01:42","date_gmt":"2025-09-20T14:01:42","guid":{"rendered":"https:\/\/expertisenr.fr\/?page_id=27"},"modified":"2025-10-22T11:18:34","modified_gmt":"2025-10-22T10:18:34","slug":"formation","status":"publish","type":"page","link":"https:\/\/expertisenr.fr\/en\/formation\/","title":{"rendered":"Training"},"content":{"rendered":"<div class=\"wp-block-group alignfull is-style-default has-accent-text-color has-text-color has-background has-link-color has-poppins-font-family has-large-font-size wp-elements-7c6d8bc589f7ef51daeedb95e64c1dd1 has-global-padding is-layout-constrained wp-container-core-group-is-layout-669513ed wp-block-group-is-layout-constrained\" style=\"background-color:#a0ad8487;margin-top:0;margin-bottom:0;padding-top:var(--wp--preset--spacing--50);padding-right:var(--wp--preset--spacing--50);padding-bottom:var(--wp--preset--spacing--50);padding-left:var(--wp--preset--spacing--50)\">\n<p class=\"has-poppins-font-family has-x-large-font-size\" style=\"line-height:1.2\"><strong>Improving skills to accelerate the energy transition<\/strong><\/p>\n\n\n\n<div style=\"height:15px\" aria-hidden=\"true\" class=\"wp-block-spacer\"><\/div>\n\n\n\n<p class=\"has-large-font-size wp-container-content-0733e5d0\"><strong>Who is this service for ?<\/strong><\/p>\n\n\n\n<div style=\"height:5px\" aria-hidden=\"true\" class=\"wp-block-spacer\"><\/div>\n\n\n\n<ul class=\"wp-block-list is-style-default has-rubik-font-family has-medium-font-size\">\n<li class=\"has-medium-font-size\"><strong>Schools and educational institutions<\/strong> To raise student awareness of renewable energy issues and provide them with <strong>practical technical skills<\/strong>.<\/li>\n\n\n\n<li class=\"has-medium-font-size\"><strong>Training centers, companies, and professionals<\/strong> : To support the development ofof teams' skills in <strong>sector-specific technologies and practices<\/strong>, customized to their specific needs.<\/li>\n<\/ul>\n\n\n\n<figure class=\"wp-block-image aligncenter size-large is-resized has-custom-border is-style-rounded\"><img loading=\"lazy\" decoding=\"async\" width=\"1024\" height=\"683\" src=\"https:\/\/expertisenr.fr\/wp-content\/uploads\/2025\/09\/campaign-creators-gMsnXqILjp4-unsplash-1024x683.jpg\" alt=\"\" class=\"wp-image-30\" style=\"border-radius:66px;aspect-ratio:1.7777777777777777;object-fit:cover;width:817px;height:auto\" srcset=\"https:\/\/expertisenr.fr\/wp-content\/uploads\/2025\/09\/campaign-creators-gMsnXqILjp4-unsplash-1024x683.jpg 1024w, https:\/\/expertisenr.fr\/wp-content\/uploads\/2025\/09\/campaign-creators-gMsnXqILjp4-unsplash-300x200.jpg 300w, https:\/\/expertisenr.fr\/wp-content\/uploads\/2025\/09\/campaign-creators-gMsnXqILjp4-unsplash-768x512.jpg 768w, https:\/\/expertisenr.fr\/wp-content\/uploads\/2025\/09\/campaign-creators-gMsnXqILjp4-unsplash-1536x1024.jpg 1536w, https:\/\/expertisenr.fr\/wp-content\/uploads\/2025\/09\/campaign-creators-gMsnXqILjp4-unsplash-2048x1365.jpg 2048w\" sizes=\"auto, (max-width: 1024px) 100vw, 1024px\" \/><\/figure>\n<\/div>\n\n\n\n<div class=\"wp-block-group alignfull has-primary-color has-base-background-color has-text-color has-background has-link-color has-rubik-font-family has-large-font-size wp-elements-88d65e56fed4b4fea0c484f1dc8d1497 has-global-padding is-layout-constrained wp-container-core-group-is-layout-d89aad35 wp-block-group-is-layout-constrained\" style=\"margin-top:0;margin-bottom:0;padding-top:var(--wp--preset--spacing--50);padding-right:var(--wp--preset--spacing--50);padding-bottom:var(--wp--preset--spacing--50);padding-left:var(--wp--preset--spacing--50)\">\n<p class=\"has-poppins-font-family has-x-large-font-size\" style=\"line-height:1.2\"><strong>Our Approach :<\/strong><\/p>\n\n\n\n<p class=\"has-medium-font-size wp-container-content-9cfa9a5a\"><strong>Customized<\/strong> : Each program is <strong>co-constructed<\/strong> with the client to meet their educational and operational objectives.<\/p>\n\n\n\n<p class=\"has-primary-color has-text-color has-medium-font-size wp-container-content-9cfa9a5a\"><strong>Flexible<\/strong> : Adaptation of content, durations and methods (face-to-face, remote, hybrid).<\/p>\n\n\n\n<p class=\"has-medium-font-size wp-container-content-9cfa9a5a\"><strong>Pratical<\/strong> : Role-playing, real-life case studies, and presentations <strong>by experienced professionals<\/strong> to reinforce learning.<\/p>\n<\/div>\n\n\n\n<div class=\"wp-block-group alignfull has-accent-text-color has-text-color has-background has-link-color wp-elements-e89caa7b40eb9a425b6656abdeeccf3f has-global-padding is-layout-constrained wp-container-core-group-is-layout-d89aad35 wp-block-group-is-layout-constrained\" style=\"background-color:#a0ad84a6;margin-top:0;margin-bottom:0;padding-top:var(--wp--preset--spacing--50);padding-right:var(--wp--preset--spacing--50);padding-bottom:var(--wp--preset--spacing--50);padding-left:var(--wp--preset--spacing--50);background-image:url(&apos;https:\/\/expertisenr.fr\/wp-content\/uploads\/2025\/09\/sattt-scaled.jpg&apos;);background-position:26% 38%;background-size:cover;background-attachment:scroll;\">\n<div class=\"wp-block-columns alignwide are-vertically-aligned-center is-layout-flex wp-container-core-columns-is-layout-2b631096 wp-block-columns-is-layout-flex\" style=\"padding-top:0;padding-bottom:0\">\n<div class=\"wp-block-column is-vertically-aligned-center is-layout-flow wp-block-column-is-layout-flow\" style=\"flex-basis:60%\"><\/div>\n\n\n\n<div class=\"wp-block-column is-vertically-aligned-center has-accent-text-color has-text-color has-link-color has-rubik-font-family has-medium-font-size wp-elements-fcbb5997b226d9a7bc105bed1dfb2907 is-layout-flow wp-block-column-is-layout-flow\" style=\"flex-basis:60%\">\n<h2 class=\"wp-block-heading has-accent-text-color has-text-color has-link-color has-poppins-font-family has-x-large-font-size wp-elements-8f33184723e35c99f96d695d3b3fa601\"><strong><strong>Why choose ExpertisENR ?<\/strong><\/strong> <\/h2>\n\n\n\n<div style=\"height:29px\" aria-hidden=\"true\" class=\"wp-block-spacer\"><\/div>\n\n\n\n<p class=\"has-medium-font-size\"> With <strong>15 years of experience in renewable energy<\/strong>, we combine <strong>technical expertise<\/strong> and <strong>teaching<\/strong> to offer <strong>effective and inspiring training<\/strong>.<\/p>\n\n\n\n<p class=\"has-medium-font-size\">Our goal : to give you the <strong>keys to concrete action<\/strong> in the energy transition.<\/p>\n\n\n\n<p class=\"has-medium-font-size\">Our strength: our expertise and hands-on experience in designing training programs and providing operational support.<\/p>\n\n\n\n<div style=\"height:24px\" aria-hidden=\"true\" class=\"wp-block-spacer\"><\/div>\n<\/div>\n<\/div>\n<\/div>\n\n\n\n<div class=\"wp-block-group has-primary-color has-text-color has-link-color has-rubik-font-family has-medium-font-size wp-elements-743654ffb1c744ff3d71da63b5f25dfb is-vertical is-content-justification-center is-layout-flex wp-container-core-group-is-layout-ce155fab wp-block-group-is-layout-flex\">\n<h3 class=\"wp-block-heading has-text-align-center has-primary-color has-text-color has-link-color has-poppins-font-family has-x-large-font-size wp-elements-ddc143e47448302637b1534f309636b3\"><strong>Netx step<\/strong> <\/h3>\n\n\n\n<p class=\"has-text-align-center\">You want to <strong>train your teams<\/strong> or <strong>integrate a renewable energy module<\/strong> into your program? <\/p>\n\n\n\n<p class=\"has-text-align-center\"><strong>Contact ExpertisENR<\/strong> to design a tailored training solution that meets your needs. <\/p>\n\n\n\n<p class=\"has-text-align-center\">What is your first pedagogical objective ?<\/p>\n<\/div>\n\n\n\n<div class=\"wp-block-buttons is-content-justification-center is-layout-flex wp-container-core-buttons-is-layout-a89b3969 wp-block-buttons-is-layout-flex\">\n<div class=\"wp-block-button\"><a class=\"wp-block-button__link has-heading-color has-secondary-background-color has-text-color has-background has-link-color has-rubik-font-family has-medium-font-size has-custom-font-size wp-element-button\" href=\"https:\/\/expertisenr.fr\/en\/contact\/\" style=\"border-width:2px;border-radius:13px\">Contact Us<\/a><\/div>\n<\/div>","protected":false},"excerpt":{"rendered":"<p>Renforcer les comp\u00e9tences pour acc\u00e9l\u00e9rer la transition \u00e9nerg\u00e9tique \u00c0 qui s\u2019adresse ce service ? Notre approche : Sur mesure : Chaque programme est co-construit avec le client pour r\u00e9pondre \u00e0 ses objectifs p\u00e9dagogiques et op\u00e9rationnels. Flexible : Adaptation des contenus, des dur\u00e9es et des modalit\u00e9s (pr\u00e9sentiel, distanciel, hybride). Pratique : Mise en situation, \u00e9tudes de [&hellip;]<\/p>\n","protected":false},"author":1,"featured_media":0,"parent":0,"menu_order":0,"comment_status":"closed","ping_status":"closed","template":"","meta":{"footnotes":""},"class_list":["post-27","page","type-page","status-publish","hentry"],"yoast_head":"<!-- This site is optimized with the Yoast SEO plugin v27.1.1 - https:\/\/yoast.com\/product\/yoast-seo-wordpress\/ -->\n<title>Formation - www.expertisenr.fr<\/title>\n<meta name=\"description\" content=\"Formation pour les \u00e9coles et les entreprises souhaitant renforcer leurs comp\u00e9tences dans le domaine des \u00e9nergies renouvelables.\" \/>\n<meta name=\"robots\" content=\"index, follow, max-snippet:-1, max-image-preview:large, max-video-preview:-1\" \/>\n<link rel=\"canonical\" href=\"https:\/\/expertisenr.fr\/en\/formation\/\" \/>\n<meta property=\"og:locale\" content=\"en_GB\" \/>\n<meta property=\"og:type\" content=\"article\" \/>\n<meta property=\"og:title\" content=\"Formation - www.expertisenr.fr\" \/>\n<meta property=\"og:description\" content=\"Formation pour les \u00e9coles et les entreprises souhaitant renforcer leurs comp\u00e9tences dans le domaine des \u00e9nergies renouvelables.\" \/>\n<meta property=\"og:url\" content=\"https:\/\/expertisenr.fr\/en\/formation\/\" \/>\n<meta property=\"og:site_name\" content=\"www.expertisenr.fr\" \/>\n<meta property=\"article:modified_time\" content=\"2025-10-22T10:18:34+00:00\" \/>\n<meta property=\"og:image\" content=\"https:\/\/expertisenr.fr\/wp-content\/uploads\/2025\/09\/campaign-creators-gMsnXqILjp4-unsplash-scaled.jpg\" \/>\n\t<meta property=\"og:image:width\" content=\"2560\" \/>\n\t<meta property=\"og:image:height\" content=\"1707\" \/>\n\t<meta property=\"og:image:type\" content=\"image\/jpeg\" \/>\n<meta name=\"twitter:card\" content=\"summary_large_image\" \/>\n<meta name=\"twitter:label1\" content=\"Estimated reading time\" \/>\n\t<meta name=\"twitter:data1\" content=\"2 minutes\" \/>\n<script type=\"application\/ld+json\" class=\"yoast-schema-graph\">{\"@context\":\"https:\/\/schema.org\",\"@graph\":[{\"@type\":\"WebPage\",\"@id\":\"https:\/\/expertisenr.fr\/formation\/\",\"url\":\"https:\/\/expertisenr.fr\/formation\/\",\"name\":\"Formation - www.expertisenr.fr\",\"isPartOf\":{\"@id\":\"https:\/\/expertisenr.fr\/#website\"},\"primaryImageOfPage\":{\"@id\":\"https:\/\/expertisenr.fr\/formation\/#primaryimage\"},\"image\":{\"@id\":\"https:\/\/expertisenr.fr\/formation\/#primaryimage\"},\"thumbnailUrl\":\"https:\/\/expertisenr.fr\/wp-content\/uploads\/2025\/09\/campaign-creators-gMsnXqILjp4-unsplash-1024x683.jpg\",\"datePublished\":\"2025-09-20T14:01:42+00:00\",\"dateModified\":\"2025-10-22T10:18:34+00:00\",\"description\":\"Formation pour les \u00e9coles et les entreprises souhaitant renforcer leurs comp\u00e9tences dans le domaine des \u00e9nergies renouvelables.\",\"breadcrumb\":{\"@id\":\"https:\/\/expertisenr.fr\/formation\/#breadcrumb\"},\"inLanguage\":\"en-GB\",\"potentialAction\":[{\"@type\":\"ReadAction\",\"target\":[\"https:\/\/expertisenr.fr\/formation\/\"]}]},{\"@type\":\"ImageObject\",\"inLanguage\":\"en-GB\",\"@id\":\"https:\/\/expertisenr.fr\/formation\/#primaryimage\",\"url\":\"https:\/\/expertisenr.fr\/wp-content\/uploads\/2025\/09\/campaign-creators-gMsnXqILjp4-unsplash-1024x683.jpg\",\"contentUrl\":\"https:\/\/expertisenr.fr\/wp-content\/uploads\/2025\/09\/campaign-creators-gMsnXqILjp4-unsplash-1024x683.jpg\"},{\"@type\":\"BreadcrumbList\",\"@id\":\"https:\/\/expertisenr.fr\/formation\/#breadcrumb\",\"itemListElement\":[{\"@type\":\"ListItem\",\"position\":1,\"name\":\"Accueil\",\"item\":\"https:\/\/expertisenr.fr\/\"},{\"@type\":\"ListItem\",\"position\":2,\"name\":\"Formation\"}]},{\"@type\":\"WebSite\",\"@id\":\"https:\/\/expertisenr.fr\/#website\",\"url\":\"https:\/\/expertisenr.fr\/\",\"name\":\"www.expertisenr.fr\",\"description\":\"Expertise, Formation et Accompagnement en \u00c9nergies Renouvelables\",\"publisher\":{\"@id\":\"https:\/\/expertisenr.fr\/#organization\"},\"potentialAction\":[{\"@type\":\"SearchAction\",\"target\":{\"@type\":\"EntryPoint\",\"urlTemplate\":\"https:\/\/expertisenr.fr\/?s={search_term_string}\"},\"query-input\":{\"@type\":\"PropertyValueSpecification\",\"valueRequired\":true,\"valueName\":\"search_term_string\"}}],\"inLanguage\":\"en-GB\"},{\"@type\":\"Organization\",\"@id\":\"https:\/\/expertisenr.fr\/#organization\",\"name\":\"ExpertisENR\",\"url\":\"https:\/\/expertisenr.fr\/\",\"logo\":{\"@type\":\"ImageObject\",\"inLanguage\":\"en-GB\",\"@id\":\"https:\/\/expertisenr.fr\/#\/schema\/logo\/image\/\",\"url\":\"https:\/\/expertisenr.fr\/wp-content\/uploads\/2025\/09\/logo-1-1.png\",\"contentUrl\":\"https:\/\/expertisenr.fr\/wp-content\/uploads\/2025\/09\/logo-1-1.png\",\"width\":1878,\"height\":2000,\"caption\":\"ExpertisENR\"},\"image\":{\"@id\":\"https:\/\/expertisenr.fr\/#\/schema\/logo\/image\/\"}}]}<\/script>\n<!-- \/ Yoast SEO plugin. -->","yoast_head_json":{"title":"Formation - www.expertisenr.fr","description":"Formation pour les \u00e9coles et les entreprises souhaitant renforcer leurs comp\u00e9tences dans le domaine des \u00e9nergies renouvelables.","robots":{"index":"index","follow":"follow","max-snippet":"max-snippet:-1","max-image-preview":"max-image-preview:large","max-video-preview":"max-video-preview:-1"},"canonical":"https:\/\/expertisenr.fr\/en\/formation\/","og_locale":"en_GB","og_type":"article","og_title":"Formation - www.expertisenr.fr","og_description":"Formation pour les \u00e9coles et les entreprises souhaitant renforcer leurs comp\u00e9tences dans le domaine des \u00e9nergies renouvelables.","og_url":"https:\/\/expertisenr.fr\/en\/formation\/","og_site_name":"www.expertisenr.fr","article_modified_time":"2025-10-22T10:18:34+00:00","og_image":[{"width":2560,"height":1707,"url":"https:\/\/expertisenr.fr\/wp-content\/uploads\/2025\/09\/campaign-creators-gMsnXqILjp4-unsplash-scaled.jpg","type":"image\/jpeg"}],"twitter_card":"summary_large_image","twitter_misc":{"Estimated reading time":"2 minutes"},"schema":{"@context":"https:\/\/schema.org","@graph":[{"@type":"WebPage","@id":"https:\/\/expertisenr.fr\/formation\/","url":"https:\/\/expertisenr.fr\/formation\/","name":"Formation - www.expertisenr.fr","isPartOf":{"@id":"https:\/\/expertisenr.fr\/#website"},"primaryImageOfPage":{"@id":"https:\/\/expertisenr.fr\/formation\/#primaryimage"},"image":{"@id":"https:\/\/expertisenr.fr\/formation\/#primaryimage"},"thumbnailUrl":"https:\/\/expertisenr.fr\/wp-content\/uploads\/2025\/09\/campaign-creators-gMsnXqILjp4-unsplash-1024x683.jpg","datePublished":"2025-09-20T14:01:42+00:00","dateModified":"2025-10-22T10:18:34+00:00","description":"Formation pour les \u00e9coles et les entreprises souhaitant renforcer leurs comp\u00e9tences dans le domaine des \u00e9nergies renouvelables.","breadcrumb":{"@id":"https:\/\/expertisenr.fr\/formation\/#breadcrumb"},"inLanguage":"en-GB","potentialAction":[{"@type":"ReadAction","target":["https:\/\/expertisenr.fr\/formation\/"]}]},{"@type":"ImageObject","inLanguage":"en-GB","@id":"https:\/\/expertisenr.fr\/formation\/#primaryimage","url":"https:\/\/expertisenr.fr\/wp-content\/uploads\/2025\/09\/campaign-creators-gMsnXqILjp4-unsplash-1024x683.jpg","contentUrl":"https:\/\/expertisenr.fr\/wp-content\/uploads\/2025\/09\/campaign-creators-gMsnXqILjp4-unsplash-1024x683.jpg"},{"@type":"BreadcrumbList","@id":"https:\/\/expertisenr.fr\/formation\/#breadcrumb","itemListElement":[{"@type":"ListItem","position":1,"name":"Accueil","item":"https:\/\/expertisenr.fr\/"},{"@type":"ListItem","position":2,"name":"Formation"}]},{"@type":"WebSite","@id":"https:\/\/expertisenr.fr\/#website","url":"https:\/\/expertisenr.fr\/","name":"www.expertisenr.fr","description":"Expertise, Formation et Accompagnement en \u00c9nergies Renouvelables","publisher":{"@id":"https:\/\/expertisenr.fr\/#organization"},"potentialAction":[{"@type":"SearchAction","target":{"@type":"EntryPoint","urlTemplate":"https:\/\/expertisenr.fr\/?s={search_term_string}"},"query-input":{"@type":"PropertyValueSpecification","valueRequired":true,"valueName":"search_term_string"}}],"inLanguage":"en-GB"},{"@type":"Organization","@id":"https:\/\/expertisenr.fr\/#organization","name":"ExpertisENR","url":"https:\/\/expertisenr.fr\/","logo":{"@type":"ImageObject","inLanguage":"en-GB","@id":"https:\/\/expertisenr.fr\/#\/schema\/logo\/image\/","url":"https:\/\/expertisenr.fr\/wp-content\/uploads\/2025\/09\/logo-1-1.png","contentUrl":"https:\/\/expertisenr.fr\/wp-content\/uploads\/2025\/09\/logo-1-1.png","width":1878,"height":2000,"caption":"ExpertisENR"},"image":{"@id":"https:\/\/expertisenr.fr\/#\/schema\/logo\/image\/"}}]}},"_links":{"self":[{"href":"https:\/\/expertisenr.fr\/en\/wp-json\/wp\/v2\/pages\/27","targetHints":{"allow":["GET"]}}],"collection":[{"href":"https:\/\/expertisenr.fr\/en\/wp-json\/wp\/v2\/pages"}],"about":[{"href":"https:\/\/expertisenr.fr\/en\/wp-json\/wp\/v2\/types\/page"}],"author":[{"embeddable":true,"href":"https:\/\/expertisenr.fr\/en\/wp-json\/wp\/v2\/users\/1"}],"replies":[{"embeddable":true,"href":"https:\/\/expertisenr.fr\/en\/wp-json\/wp\/v2\/comments?post=27"}],"version-history":[{"count":18,"href":"https:\/\/expertisenr.fr\/en\/wp-json\/wp\/v2\/pages\/27\/revisions"}],"predecessor-version":[{"id":486,"href":"https:\/\/expertisenr.fr\/en\/wp-json\/wp\/v2\/pages\/27\/revisions\/486"}],"wp:attachment":[{"href":"https:\/\/expertisenr.fr\/en\/wp-json\/wp\/v2\/media?parent=27"}],"curies":[{"name":"wp","href":"https:\/\/api.w.org\/{rel}","templated":true}]}}