{"id":7,"date":"2025-09-19T17:10:44","date_gmt":"2025-09-19T16:10:44","guid":{"rendered":"https:\/\/expertisenr.fr\/?page_id=7"},"modified":"2025-10-13T17:07:41","modified_gmt":"2025-10-13T16:07:41","slug":"qui-sommes-nous","status":"publish","type":"page","link":"https:\/\/expertisenr.fr\/en\/qui-sommes-nous\/","title":{"rendered":"Who we Are"},"content":{"rendered":"<div class=\"wp-block-group alignwide has-poppins-font-family has-global-padding is-layout-constrained wp-container-core-group-is-layout-3a820303 wp-block-group-is-layout-constrained\" style=\"padding-right:var(--wp--preset--spacing--small);padding-left:var(--wp--preset--spacing--small)\">\n<h3 class=\"wp-block-heading has-text-align-center has-primary-color has-text-color has-link-color has-poppins-font-family has-xx-large-font-size wp-elements-d2e71839f0f1168b75f9cce95a8bc98e\" style=\"line-height:1.2\">Julien SALAMI \u2013 Founder of ExpertisENR<\/h3>\n\n\n\n<p class=\"has-text-align-center has-primary-color has-text-color has-link-color has-poppins-font-family has-large-font-size wp-elements-9b0898cd725f097ad7e6749622d884ec\" style=\"margin-top:0;margin-bottom:0;padding-top:var(--wp--preset--spacing--x-small);padding-right:0;padding-bottom:var(--wp--preset--spacing--x-small);padding-left:0\"><strong>Renewable energy expert with 20 years of experience, including 15 years dedicated to operation and maintenance<\/strong> <strong>in the renewable energy sector.<\/strong><\/p>\n\n\n\n<p class=\"has-primary-color has-text-color has-link-color wp-elements-0c20c32426a0437f4280341c032eeb5e\">Holding a degree <strong>in Electrical Engineering, Industrial Computing, and Electronics<\/strong>, I began my career as a technician before specializing in renewable energy in 2010.<\/p>\n\n\n\n<figure class=\"wp-block-image aligncenter size-large has-custom-border is-style-rounded\"><img loading=\"lazy\" decoding=\"async\" width=\"1024\" height=\"683\" src=\"https:\/\/expertisenr.fr\/wp-content\/uploads\/2025\/09\/pexels-gustavo-fring-4254158-1024x683.jpg\" alt=\"\" class=\"wp-image-9\" style=\"border-radius:21px;aspect-ratio:16\/9;object-fit:cover\" srcset=\"https:\/\/expertisenr.fr\/wp-content\/uploads\/2025\/09\/pexels-gustavo-fring-4254158-1024x683.jpg 1024w, https:\/\/expertisenr.fr\/wp-content\/uploads\/2025\/09\/pexels-gustavo-fring-4254158-300x200.jpg 300w, https:\/\/expertisenr.fr\/wp-content\/uploads\/2025\/09\/pexels-gustavo-fring-4254158-768x512.jpg 768w, https:\/\/expertisenr.fr\/wp-content\/uploads\/2025\/09\/pexels-gustavo-fring-4254158-1536x1024.jpg 1536w, https:\/\/expertisenr.fr\/wp-content\/uploads\/2025\/09\/pexels-gustavo-fring-4254158-2048x1365.jpg 2048w\" sizes=\"auto, (max-width: 1024px) 100vw, 1024px\" \/><\/figure>\n<\/div>\n\n\n\n<div class=\"wp-block-group alignfull has-global-padding is-layout-constrained wp-container-core-group-is-layout-0747478d wp-block-group-is-layout-constrained\" style=\"padding-top:var(--wp--preset--spacing--50);padding-right:var(--wp--preset--spacing--50);padding-bottom:var(--wp--preset--spacing--50);padding-left:var(--wp--preset--spacing--50)\">\n<p class=\"has-text-align-center has-primary-color has-text-color has-link-color has-poppins-font-family has-x-large-font-size wp-elements-9b6546bc136a57092ae7d8113222077d\"><strong>My Carrer Path<\/strong><\/p>\n\n\n\n<div class=\"wp-block-group alignfull is-vertical is-layout-flex wp-container-core-group-is-layout-fe9cc265 wp-block-group-is-layout-flex\">\n<div class=\"wp-block-columns alignfull is-layout-flex wp-container-core-columns-is-layout-28f84493 wp-block-columns-is-layout-flex\">\n<div class=\"wp-block-column is-vertically-aligned-center is-layout-flow wp-block-column-is-layout-flow\" style=\"flex-basis:30%\">\n<figure class=\"wp-block-image aligncenter size-large is-resized has-custom-border wp-duotone-unset-1\" style=\"margin-top:var(--wp--preset--spacing--50);margin-bottom:var(--wp--preset--spacing--50)\"><img loading=\"lazy\" decoding=\"async\" width=\"768\" height=\"1024\" src=\"https:\/\/expertisenr.fr\/wp-content\/uploads\/2025\/09\/bernd-dittrich-F5wiZwTNFTc-unsplash-768x1024.jpg\" alt=\"\" class=\"wp-image-79\" style=\"border-style:none;border-width:0px;border-radius:16px;aspect-ratio:0.5625;object-fit:cover;width:288px;height:auto\" srcset=\"https:\/\/expertisenr.fr\/wp-content\/uploads\/2025\/09\/bernd-dittrich-F5wiZwTNFTc-unsplash-768x1024.jpg 768w, https:\/\/expertisenr.fr\/wp-content\/uploads\/2025\/09\/bernd-dittrich-F5wiZwTNFTc-unsplash-225x300.jpg 225w, https:\/\/expertisenr.fr\/wp-content\/uploads\/2025\/09\/bernd-dittrich-F5wiZwTNFTc-unsplash-1152x1536.jpg 1152w, https:\/\/expertisenr.fr\/wp-content\/uploads\/2025\/09\/bernd-dittrich-F5wiZwTNFTc-unsplash-1536x2048.jpg 1536w, https:\/\/expertisenr.fr\/wp-content\/uploads\/2025\/09\/bernd-dittrich-F5wiZwTNFTc-unsplash-scaled.jpg 1920w\" sizes=\"auto, (max-width: 768px) 100vw, 768px\" \/><\/figure>\n<\/div>\n\n\n\n<div class=\"wp-block-column is-vertically-aligned-center has-primary-color has-text-color has-link-color has-rubik-font-family wp-elements-5525b3b654f6b94ecb3aecc4e31d2da2 is-layout-flow wp-container-core-column-is-layout-033f98fa wp-block-column-is-layout-flow\" style=\"padding-top:0;padding-right:var(--wp--preset--spacing--xx-large);padding-left:var(--wp--preset--spacing--large);flex-basis:70%\">\n<p class=\"has-primary-color has-text-color has-link-color has-rubik-font-family has-medium-font-size wp-elements-3e86bf1fa158f3a90c634db61d909739\"><strong>Enercon (3 years)<\/strong> \u2013 A leading German pioneer in wind turbine manufacturing. As a specialized technician, I gained in-depth expertise in Enercon turbines. This experience allowed me to develop a culture of <strong>rigor<\/strong>, <strong>quality<\/strong> and above alll <strong>safety<\/strong>essential elements in the operation and maintenance of wind assets.<\/p>\n\n\n\n<p class=\"has-primary-color has-text-color has-link-color has-rubik-font-family has-medium-font-size wp-elements-f427d77758314eb2eda6fc0978822125\"><strong>Boralex (12 years)<\/strong> \u2013 An independent renewable energy producer and a major player in France and internationally. As Operations Manager and later Asset Manager, I oversaw up to <strong>370 MW of wind farms<\/strong>, comprising over 200 turbines of various technologies (Siemens, Vestas, Senvion, Nordex). I consolidated my skills in <strong>asset management<\/strong>, <strong>team and subcontractor supervision<\/strong>, <strong>performance monitoring<\/strong>, with a constant focus on <strong>safety<\/strong>, ensuring the reliability, longevity of installations, and protection of people.<\/p>\n\n\n\n<div style=\"height:21px\" aria-hidden=\"true\" class=\"wp-block-spacer\"><\/div>\n\n\n\n<p class=\"has-rubik-font-family has-medium-font-size\">My career path has allowed me to develop a <strong>360\u00b0 vision on renewable energy projects<\/strong>, from development to dismantling, including construction, operation, maintenance, stakeholder engagement, and optimization.<\/p>\n<\/div>\n<\/div>\n<\/div>\n<\/div>\n\n\n\n<div class=\"wp-block-group alignwide is-vertical is-content-justification-center is-layout-flex wp-container-core-group-is-layout-b6c1f246 wp-block-group-is-layout-flex\">\n<p class=\"has-accent-text-color has-secondary-background-color has-text-color has-background has-link-color has-rubik-font-family has-medium-font-size wp-elements-aaf380b38a73f511d9395e87f4af6627\" style=\"border-radius:16px\"><strong>Key Skills :<\/strong><br>\u2022 Complete wind asset management, including preventive, corrective, and predictive maintenance (CMS, blade inspections, oil analysis, boroscopy).<br>\u2022 Complex operations : Mechanical interventions, replacement of major components, retrofits installation, and automated detection systems for birds and bats.<br>\u2022 Operation and maintenance of high-voltage systems.<br>\u2022 Mastery of a wide range of wind platforms and technologies.<\/p>\n\n\n\n<figure class=\"wp-block-image aligncenter size-large has-custom-border\" style=\"margin-top:var(--wp--preset--spacing--x-small);margin-bottom:var(--wp--preset--spacing--x-small)\"><img loading=\"lazy\" decoding=\"async\" width=\"1024\" height=\"267\" src=\"https:\/\/expertisenr.fr\/wp-content\/uploads\/2025\/10\/markus-spiske-d7FbDJkJSFw-unsplash-Copie-1024x267.jpg\" alt=\"\" class=\"wp-image-361\" style=\"border-radius:17px\" srcset=\"https:\/\/expertisenr.fr\/wp-content\/uploads\/2025\/10\/markus-spiske-d7FbDJkJSFw-unsplash-Copie-1024x267.jpg 1024w, https:\/\/expertisenr.fr\/wp-content\/uploads\/2025\/10\/markus-spiske-d7FbDJkJSFw-unsplash-Copie-300x78.jpg 300w, https:\/\/expertisenr.fr\/wp-content\/uploads\/2025\/10\/markus-spiske-d7FbDJkJSFw-unsplash-Copie-768x200.jpg 768w, https:\/\/expertisenr.fr\/wp-content\/uploads\/2025\/10\/markus-spiske-d7FbDJkJSFw-unsplash-Copie-1536x400.jpg 1536w, https:\/\/expertisenr.fr\/wp-content\/uploads\/2025\/10\/markus-spiske-d7FbDJkJSFw-unsplash-Copie-2048x533.jpg 2048w\" sizes=\"auto, (max-width: 1024px) 100vw, 1024px\" \/><\/figure>\n\n\n\n<p><\/p>\n\n\n\n<div class=\"wp-block-columns has-secondary-background-color has-background is-layout-flex wp-container-core-columns-is-layout-28f84493 wp-block-columns-is-layout-flex\" style=\"border-radius:32px\">\n<div class=\"wp-block-column is-vertically-aligned-center is-style-default is-layout-flow wp-block-column-is-layout-flow\" style=\"border-radius:0px;flex-basis:100%\">\n<p class=\"has-accent-text-color has-secondary-background-color has-text-color has-background has-link-color has-rubik-font-family has-medium-font-size wp-elements-29f125114127cae525d5a4637948897c\" style=\"border-radius:16px;margin-top:0;margin-right:0;margin-bottom:0;margin-left:0\"><strong>My goal :<\/strong> is to offer a combination of technical rigor, safety, responsiveness, and flexibility to actively contribute to the success of projects and the energy transition.<\/p>\n\n\n\n<p class=\"has-accent-text-color has-secondary-background-color has-text-color has-background has-link-color has-rubik-font-family has-medium-font-size wp-elements-83fbfc240dba1497903453c9a21205e9\" style=\"border-radius:16px;margin-top:0;margin-right:0;margin-bottom:0;margin-left:0\"><strong>My vision<\/strong> :<br>With ExpertisENR, I aim to leverage this experience to serve industry stakeholders. <\/p>\n<\/div>\n<\/div>\n<\/div>","protected":false},"excerpt":{"rendered":"<p>Julien SALAMI \u2013 Fondateur de ExpertisENR Expert en \u00e9nergies renouvelables avec 20 ans d\u2019exp\u00e9rience, dont 15 consacr\u00e9s \u00e0 l\u2019exploitation et \u00e0 la maintenance dans le secteur des \u00e9nergies renouvelables. Dipl\u00f4m\u00e9 en G\u00e9nie \u00c9lectrique, Informatique Industrielle et \u00c9lectronique, j\u2019ai d\u00e9but\u00e9 ma carri\u00e8re comme technicien avant de me sp\u00e9cialiser dans les \u00e9nergies renouvelables d\u00e8s 2010. Mon parcours [&hellip;]<\/p>\n","protected":false},"author":1,"featured_media":0,"parent":0,"menu_order":0,"comment_status":"closed","ping_status":"closed","template":"","meta":{"footnotes":""},"class_list":["post-7","page","type-page","status-publish","hentry"],"yoast_head":"<!-- This site is optimized with the Yoast SEO plugin v27.1.1 - https:\/\/yoast.com\/product\/yoast-seo-wordpress\/ -->\n<title>Qui Sommes nous : - www.expertisenr.fr<\/title>\n<meta name=\"robots\" content=\"index, follow, max-snippet:-1, max-image-preview:large, max-video-preview:-1\" \/>\n<link rel=\"canonical\" href=\"https:\/\/expertisenr.fr\/en\/qui-sommes-nous\/\" \/>\n<meta property=\"og:locale\" content=\"en_GB\" \/>\n<meta property=\"og:type\" content=\"article\" \/>\n<meta property=\"og:title\" content=\"Qui Sommes nous : - www.expertisenr.fr\" \/>\n<meta property=\"og:description\" content=\"Julien SALAMI \u2013 Fondateur de ExpertisENR Expert en \u00e9nergies renouvelables avec 20 ans d\u2019exp\u00e9rience, dont 15 consacr\u00e9s \u00e0 l\u2019exploitation et \u00e0 la maintenance dans le secteur des \u00e9nergies renouvelables. Dipl\u00f4m\u00e9 en G\u00e9nie \u00c9lectrique, Informatique Industrielle et \u00c9lectronique, j\u2019ai d\u00e9but\u00e9 ma carri\u00e8re comme technicien avant de me sp\u00e9cialiser dans les \u00e9nergies renouvelables d\u00e8s 2010. Mon parcours [&hellip;]\" \/>\n<meta property=\"og:url\" content=\"https:\/\/expertisenr.fr\/en\/qui-sommes-nous\/\" \/>\n<meta property=\"og:site_name\" content=\"www.expertisenr.fr\" \/>\n<meta property=\"article:modified_time\" content=\"2025-10-13T16:07:41+00:00\" \/>\n<meta property=\"og:image\" content=\"https:\/\/expertisenr.fr\/wp-content\/uploads\/2025\/09\/pexels-gustavo-fring-4254158-scaled.jpg\" \/>\n\t<meta property=\"og:image:width\" content=\"2560\" \/>\n\t<meta property=\"og:image:height\" content=\"1707\" \/>\n\t<meta property=\"og:image:type\" content=\"image\/jpeg\" \/>\n<meta name=\"twitter:card\" content=\"summary_large_image\" \/>\n<meta name=\"twitter:label1\" content=\"Estimated reading time\" \/>\n\t<meta name=\"twitter:data1\" content=\"2 minutes\" \/>\n<script type=\"application\/ld+json\" class=\"yoast-schema-graph\">{\"@context\":\"https:\/\/schema.org\",\"@graph\":[{\"@type\":\"WebPage\",\"@id\":\"https:\/\/expertisenr.fr\/qui-sommes-nous\/\",\"url\":\"https:\/\/expertisenr.fr\/qui-sommes-nous\/\",\"name\":\"Qui Sommes nous : - www.expertisenr.fr\",\"isPartOf\":{\"@id\":\"https:\/\/expertisenr.fr\/#website\"},\"primaryImageOfPage\":{\"@id\":\"https:\/\/expertisenr.fr\/qui-sommes-nous\/#primaryimage\"},\"image\":{\"@id\":\"https:\/\/expertisenr.fr\/qui-sommes-nous\/#primaryimage\"},\"thumbnailUrl\":\"https:\/\/expertisenr.fr\/wp-content\/uploads\/2025\/09\/pexels-gustavo-fring-4254158-1024x683.jpg\",\"datePublished\":\"2025-09-19T16:10:44+00:00\",\"dateModified\":\"2025-10-13T16:07:41+00:00\",\"breadcrumb\":{\"@id\":\"https:\/\/expertisenr.fr\/qui-sommes-nous\/#breadcrumb\"},\"inLanguage\":\"en-GB\",\"potentialAction\":[{\"@type\":\"ReadAction\",\"target\":[\"https:\/\/expertisenr.fr\/qui-sommes-nous\/\"]}]},{\"@type\":\"ImageObject\",\"inLanguage\":\"en-GB\",\"@id\":\"https:\/\/expertisenr.fr\/qui-sommes-nous\/#primaryimage\",\"url\":\"https:\/\/expertisenr.fr\/wp-content\/uploads\/2025\/09\/pexels-gustavo-fring-4254158-1024x683.jpg\",\"contentUrl\":\"https:\/\/expertisenr.fr\/wp-content\/uploads\/2025\/09\/pexels-gustavo-fring-4254158-1024x683.jpg\"},{\"@type\":\"BreadcrumbList\",\"@id\":\"https:\/\/expertisenr.fr\/qui-sommes-nous\/#breadcrumb\",\"itemListElement\":[{\"@type\":\"ListItem\",\"position\":1,\"name\":\"Accueil\",\"item\":\"https:\/\/expertisenr.fr\/\"},{\"@type\":\"ListItem\",\"position\":2,\"name\":\"Qui Sommes nous :\"}]},{\"@type\":\"WebSite\",\"@id\":\"https:\/\/expertisenr.fr\/#website\",\"url\":\"https:\/\/expertisenr.fr\/\",\"name\":\"www.expertisenr.fr\",\"description\":\"Expertise, Formation et Accompagnement en \u00c9nergies Renouvelables\",\"publisher\":{\"@id\":\"https:\/\/expertisenr.fr\/#organization\"},\"potentialAction\":[{\"@type\":\"SearchAction\",\"target\":{\"@type\":\"EntryPoint\",\"urlTemplate\":\"https:\/\/expertisenr.fr\/?s={search_term_string}\"},\"query-input\":{\"@type\":\"PropertyValueSpecification\",\"valueRequired\":true,\"valueName\":\"search_term_string\"}}],\"inLanguage\":\"en-GB\"},{\"@type\":\"Organization\",\"@id\":\"https:\/\/expertisenr.fr\/#organization\",\"name\":\"ExpertisENR\",\"url\":\"https:\/\/expertisenr.fr\/\",\"logo\":{\"@type\":\"ImageObject\",\"inLanguage\":\"en-GB\",\"@id\":\"https:\/\/expertisenr.fr\/#\/schema\/logo\/image\/\",\"url\":\"https:\/\/expertisenr.fr\/wp-content\/uploads\/2025\/09\/logo-1-1.png\",\"contentUrl\":\"https:\/\/expertisenr.fr\/wp-content\/uploads\/2025\/09\/logo-1-1.png\",\"width\":1878,\"height\":2000,\"caption\":\"ExpertisENR\"},\"image\":{\"@id\":\"https:\/\/expertisenr.fr\/#\/schema\/logo\/image\/\"}}]}<\/script>\n<!-- \/ Yoast SEO plugin. -->","yoast_head_json":{"title":"Qui Sommes nous : - www.expertisenr.fr","robots":{"index":"index","follow":"follow","max-snippet":"max-snippet:-1","max-image-preview":"max-image-preview:large","max-video-preview":"max-video-preview:-1"},"canonical":"https:\/\/expertisenr.fr\/en\/qui-sommes-nous\/","og_locale":"en_GB","og_type":"article","og_title":"Qui Sommes nous : - www.expertisenr.fr","og_description":"Julien SALAMI \u2013 Fondateur de ExpertisENR Expert en \u00e9nergies renouvelables avec 20 ans d\u2019exp\u00e9rience, dont 15 consacr\u00e9s \u00e0 l\u2019exploitation et \u00e0 la maintenance dans le secteur des \u00e9nergies renouvelables. Dipl\u00f4m\u00e9 en G\u00e9nie \u00c9lectrique, Informatique Industrielle et \u00c9lectronique, j\u2019ai d\u00e9but\u00e9 ma carri\u00e8re comme technicien avant de me sp\u00e9cialiser dans les \u00e9nergies renouvelables d\u00e8s 2010. Mon parcours [&hellip;]","og_url":"https:\/\/expertisenr.fr\/en\/qui-sommes-nous\/","og_site_name":"www.expertisenr.fr","article_modified_time":"2025-10-13T16:07:41+00:00","og_image":[{"width":2560,"height":1707,"url":"https:\/\/expertisenr.fr\/wp-content\/uploads\/2025\/09\/pexels-gustavo-fring-4254158-scaled.jpg","type":"image\/jpeg"}],"twitter_card":"summary_large_image","twitter_misc":{"Estimated reading time":"2 minutes"},"schema":{"@context":"https:\/\/schema.org","@graph":[{"@type":"WebPage","@id":"https:\/\/expertisenr.fr\/qui-sommes-nous\/","url":"https:\/\/expertisenr.fr\/qui-sommes-nous\/","name":"Qui Sommes nous : - www.expertisenr.fr","isPartOf":{"@id":"https:\/\/expertisenr.fr\/#website"},"primaryImageOfPage":{"@id":"https:\/\/expertisenr.fr\/qui-sommes-nous\/#primaryimage"},"image":{"@id":"https:\/\/expertisenr.fr\/qui-sommes-nous\/#primaryimage"},"thumbnailUrl":"https:\/\/expertisenr.fr\/wp-content\/uploads\/2025\/09\/pexels-gustavo-fring-4254158-1024x683.jpg","datePublished":"2025-09-19T16:10:44+00:00","dateModified":"2025-10-13T16:07:41+00:00","breadcrumb":{"@id":"https:\/\/expertisenr.fr\/qui-sommes-nous\/#breadcrumb"},"inLanguage":"en-GB","potentialAction":[{"@type":"ReadAction","target":["https:\/\/expertisenr.fr\/qui-sommes-nous\/"]}]},{"@type":"ImageObject","inLanguage":"en-GB","@id":"https:\/\/expertisenr.fr\/qui-sommes-nous\/#primaryimage","url":"https:\/\/expertisenr.fr\/wp-content\/uploads\/2025\/09\/pexels-gustavo-fring-4254158-1024x683.jpg","contentUrl":"https:\/\/expertisenr.fr\/wp-content\/uploads\/2025\/09\/pexels-gustavo-fring-4254158-1024x683.jpg"},{"@type":"BreadcrumbList","@id":"https:\/\/expertisenr.fr\/qui-sommes-nous\/#breadcrumb","itemListElement":[{"@type":"ListItem","position":1,"name":"Accueil","item":"https:\/\/expertisenr.fr\/"},{"@type":"ListItem","position":2,"name":"Qui Sommes nous :"}]},{"@type":"WebSite","@id":"https:\/\/expertisenr.fr\/#website","url":"https:\/\/expertisenr.fr\/","name":"www.expertisenr.fr","description":"Expertise, Formation et Accompagnement en \u00c9nergies Renouvelables","publisher":{"@id":"https:\/\/expertisenr.fr\/#organization"},"potentialAction":[{"@type":"SearchAction","target":{"@type":"EntryPoint","urlTemplate":"https:\/\/expertisenr.fr\/?s={search_term_string}"},"query-input":{"@type":"PropertyValueSpecification","valueRequired":true,"valueName":"search_term_string"}}],"inLanguage":"en-GB"},{"@type":"Organization","@id":"https:\/\/expertisenr.fr\/#organization","name":"ExpertisENR","url":"https:\/\/expertisenr.fr\/","logo":{"@type":"ImageObject","inLanguage":"en-GB","@id":"https:\/\/expertisenr.fr\/#\/schema\/logo\/image\/","url":"https:\/\/expertisenr.fr\/wp-content\/uploads\/2025\/09\/logo-1-1.png","contentUrl":"https:\/\/expertisenr.fr\/wp-content\/uploads\/2025\/09\/logo-1-1.png","width":1878,"height":2000,"caption":"ExpertisENR"},"image":{"@id":"https:\/\/expertisenr.fr\/#\/schema\/logo\/image\/"}}]}},"_links":{"self":[{"href":"https:\/\/expertisenr.fr\/en\/wp-json\/wp\/v2\/pages\/7","targetHints":{"allow":["GET"]}}],"collection":[{"href":"https:\/\/expertisenr.fr\/en\/wp-json\/wp\/v2\/pages"}],"about":[{"href":"https:\/\/expertisenr.fr\/en\/wp-json\/wp\/v2\/types\/page"}],"author":[{"embeddable":true,"href":"https:\/\/expertisenr.fr\/en\/wp-json\/wp\/v2\/users\/1"}],"replies":[{"embeddable":true,"href":"https:\/\/expertisenr.fr\/en\/wp-json\/wp\/v2\/comments?post=7"}],"version-history":[{"count":24,"href":"https:\/\/expertisenr.fr\/en\/wp-json\/wp\/v2\/pages\/7\/revisions"}],"predecessor-version":[{"id":485,"href":"https:\/\/expertisenr.fr\/en\/wp-json\/wp\/v2\/pages\/7\/revisions\/485"}],"wp:attachment":[{"href":"https:\/\/expertisenr.fr\/en\/wp-json\/wp\/v2\/media?parent=7"}],"curies":[{"name":"wp","href":"https:\/\/api.w.org\/{rel}","templated":true}]}}